{"id":37557,"date":"2025-11-25T23:51:43","date_gmt":"2025-11-25T22:51:43","guid":{"rendered":"https:\/\/www.hirtenberg-apotheke.at\/katalog\/produkt\/florabio-kraeuterblut-saft\/"},"modified":"2025-11-25T23:52:49","modified_gmt":"2025-11-25T22:52:49","slug":"florabio-kraeuterblut-saft","status":"publish","type":"product","link":"https:\/\/www.hirtenberg-apotheke.at\/katalog\/produkt\/florabio-kraeuterblut-saft\/","title":{"rendered":"Florabio Kr\u00e4uterblut-Saft"},"content":{"rendered":"<p>Florabio Kr\u00e4uterblut-Saf mit einem hohen Gehalt an zweiwertigem Eisen, sch\u00fctzt vor Eisenmangel, aktiviert die Sauerstoffversorgung und f\u00f6rdert die Vitalilt\u00e4t und Konzentrationsf\u00e4higkeit.<\/p>\n","protected":false},"excerpt":{"rendered":"<p>Florabio Kr\u00e4uterblut-Saf mit einem hohen Gehalt an zweiwertigem Eisen, sch\u00fctzt vor Eisenmangel, aktiviert die Sauerstoffversorgung und f\u00f6rdert die Vitalilt\u00e4t und Konzentrationsf\u00e4higkeit.<\/p>\n","protected":false},"featured_media":0,"template":"","meta":{"_acf_changed":false},"product_brand":[],"product_cat":[322],"product_tag":[],"class_list":{"0":"post-37557","1":"product","2":"type-product","3":"status-publish","5":"product_cat-f","6":"pa_packungsgroesse-250ml","7":"pa_packungsgroesse-500ml","9":"first","10":"instock","11":"shipping-taxable","12":"purchasable","13":"product-type-simple"},"acf":[],"_links":{"self":[{"href":"https:\/\/www.hirtenberg-apotheke.at\/katalog\/wp-json\/wp\/v2\/product\/37557","targetHints":{"allow":["GET"]}}],"collection":[{"href":"https:\/\/www.hirtenberg-apotheke.at\/katalog\/wp-json\/wp\/v2\/product"}],"about":[{"href":"https:\/\/www.hirtenberg-apotheke.at\/katalog\/wp-json\/wp\/v2\/types\/product"}],"wp:attachment":[{"href":"https:\/\/www.hirtenberg-apotheke.at\/katalog\/wp-json\/wp\/v2\/media?parent=37557"}],"wp:term":[{"taxonomy":"product_brand","embeddable":true,"href":"https:\/\/www.hirtenberg-apotheke.at\/katalog\/wp-json\/wp\/v2\/product_brand?post=37557"},{"taxonomy":"product_cat","embeddable":true,"href":"https:\/\/www.hirtenberg-apotheke.at\/katalog\/wp-json\/wp\/v2\/product_cat?post=37557"},{"taxonomy":"product_tag","embeddable":true,"href":"https:\/\/www.hirtenberg-apotheke.at\/katalog\/wp-json\/wp\/v2\/product_tag?post=37557"}],"curies":[{"name":"wp","href":"https:\/\/api.w.org\/{rel}","templated":true}]}}