{"id":37559,"date":"2025-11-25T23:51:43","date_gmt":"2025-11-25T22:51:43","guid":{"rendered":"https:\/\/www.hirtenberg-apotheke.at\/katalog\/produkt\/pure-encapsulations-zink-30-zinkpicolinat-60-stk\/"},"modified":"2025-11-25T23:52:04","modified_gmt":"2025-11-25T22:52:04","slug":"pure-encapsulations-zink-30-zinkpicolinat-60-stk","status":"publish","type":"product","link":"https:\/\/www.hirtenberg-apotheke.at\/katalog\/produkt\/pure-encapsulations-zink-30-zinkpicolinat-60-stk\/","title":{"rendered":"Pure Encapsulations Zink 30 Zinkpicolinat 60 Stk."},"content":{"rendered":"<p>Pure Encapsulations Zink 30 Zinkpicolinat wirken sich unter anderem positiv auf das Immunsystem, die S\u00e4ure-Basen-Balance sowie die Blutzuckerregulation aus, sorgen f\u00fcr kr\u00e4ftige N\u00e4gel, gesunde Haut und sch\u00f6nes Haar..<\/p>\n","protected":false},"excerpt":{"rendered":"<p>Pure Encapsulations Zink 30 Zinkpicolinat wirken sich unter anderem positiv auf das Immunsystem, die S\u00e4ure-Basen-Balance sowie die Blutzuckerregulation aus, sorgen f\u00fcr kr\u00e4ftige N\u00e4gel, gesunde Haut und sch\u00f6nes Haar..<\/p>\n","protected":false},"featured_media":37561,"template":"","meta":{"_acf_changed":false},"product_brand":[1033],"product_cat":[302],"product_tag":[],"class_list":{"0":"post-37559","1":"product","2":"type-product","3":"status-publish","4":"has-post-thumbnail","6":"product_brand-pure-encapsulations","7":"product_cat-p","8":"pa_packungsgroesse-60-stueck","10":"first","11":"instock","12":"shipping-taxable","13":"purchasable","14":"product-type-simple"},"acf":[],"_links":{"self":[{"href":"https:\/\/www.hirtenberg-apotheke.at\/katalog\/wp-json\/wp\/v2\/product\/37559","targetHints":{"allow":["GET"]}}],"collection":[{"href":"https:\/\/www.hirtenberg-apotheke.at\/katalog\/wp-json\/wp\/v2\/product"}],"about":[{"href":"https:\/\/www.hirtenberg-apotheke.at\/katalog\/wp-json\/wp\/v2\/types\/product"}],"wp:featuredmedia":[{"embeddable":true,"href":"https:\/\/www.hirtenberg-apotheke.at\/katalog\/wp-json\/wp\/v2\/media\/37561"}],"wp:attachment":[{"href":"https:\/\/www.hirtenberg-apotheke.at\/katalog\/wp-json\/wp\/v2\/media?parent=37559"}],"wp:term":[{"taxonomy":"product_brand","embeddable":true,"href":"https:\/\/www.hirtenberg-apotheke.at\/katalog\/wp-json\/wp\/v2\/product_brand?post=37559"},{"taxonomy":"product_cat","embeddable":true,"href":"https:\/\/www.hirtenberg-apotheke.at\/katalog\/wp-json\/wp\/v2\/product_cat?post=37559"},{"taxonomy":"product_tag","embeddable":true,"href":"https:\/\/www.hirtenberg-apotheke.at\/katalog\/wp-json\/wp\/v2\/product_tag?post=37559"}],"curies":[{"name":"wp","href":"https:\/\/api.w.org\/{rel}","templated":true}]}}