{"id":37569,"date":"2025-11-25T23:51:43","date_gmt":"2025-11-25T22:51:43","guid":{"rendered":"https:\/\/www.hirtenberg-apotheke.at\/katalog\/produkt\/pure-encapsulations-l-lysin-90-stk\/"},"modified":"2025-11-25T23:52:13","modified_gmt":"2025-11-25T22:52:13","slug":"pure-encapsulations-l-lysin-90-stk","status":"publish","type":"product","link":"https:\/\/www.hirtenberg-apotheke.at\/katalog\/produkt\/pure-encapsulations-l-lysin-90-stk\/","title":{"rendered":"Pure Encapsulations L-Lysin 90 Stk."},"content":{"rendered":"<p>L-Lysin ist eine \u00fcberwiegend in tierischen Lebensmitteln vorkommende,unentbehrliche Aminos\u00e4ure. Wie alle proteinogenen(eiwei\u00dfaufbauenden) Aminos\u00e4uren ist L-Lysin Bestandteil vonK\u00f6rpereiwei\u00df. So z. B. des Kollagens im Bindegewebe. Zusammenmit L-Methionin besitzt es einen hohen Stellenwert zur endogenenSynthese von L-Carnitin. Diese vitamin\u00e4hnliche Verbindungtransportiert Fetts\u00e4uren in die Kraftwerke der Zellen, wo sie zurEnergiegewinnung genutzt werden.<\/p>\n","protected":false},"excerpt":{"rendered":"<p>L-Lysin ist eine \u00fcberwiegend in tierischen Lebensmitteln vorkommende,unentbehrliche Aminos\u00e4ure. Wie alle proteinogenen(eiwei\u00dfaufbauenden) Aminos\u00e4uren ist L-Lysin Bestandteil vonK\u00f6rpereiwei\u00df. So z. B. des Kollagens im Bindegewebe. Zusammenmit L-Methionin besitzt es einen hohen Stellenwert zur endogenenSynthese von L-Carnitin. Diese vitamin\u00e4hnliche Verbindungtransportiert Fetts\u00e4uren in die Kraftwerke der Zellen, wo sie zurEnergiegewinnung genutzt werden.<\/p>\n","protected":false},"featured_media":37571,"template":"","meta":{"_acf_changed":false},"product_brand":[1033],"product_cat":[302],"product_tag":[],"class_list":{"0":"post-37569","1":"product","2":"type-product","3":"status-publish","4":"has-post-thumbnail","6":"product_brand-pure-encapsulations","7":"product_cat-p","8":"pa_packungsgroesse-90-stueck","10":"first","11":"instock","12":"shipping-taxable","13":"purchasable","14":"product-type-simple"},"acf":[],"_links":{"self":[{"href":"https:\/\/www.hirtenberg-apotheke.at\/katalog\/wp-json\/wp\/v2\/product\/37569","targetHints":{"allow":["GET"]}}],"collection":[{"href":"https:\/\/www.hirtenberg-apotheke.at\/katalog\/wp-json\/wp\/v2\/product"}],"about":[{"href":"https:\/\/www.hirtenberg-apotheke.at\/katalog\/wp-json\/wp\/v2\/types\/product"}],"wp:featuredmedia":[{"embeddable":true,"href":"https:\/\/www.hirtenberg-apotheke.at\/katalog\/wp-json\/wp\/v2\/media\/37571"}],"wp:attachment":[{"href":"https:\/\/www.hirtenberg-apotheke.at\/katalog\/wp-json\/wp\/v2\/media?parent=37569"}],"wp:term":[{"taxonomy":"product_brand","embeddable":true,"href":"https:\/\/www.hirtenberg-apotheke.at\/katalog\/wp-json\/wp\/v2\/product_brand?post=37569"},{"taxonomy":"product_cat","embeddable":true,"href":"https:\/\/www.hirtenberg-apotheke.at\/katalog\/wp-json\/wp\/v2\/product_cat?post=37569"},{"taxonomy":"product_tag","embeddable":true,"href":"https:\/\/www.hirtenberg-apotheke.at\/katalog\/wp-json\/wp\/v2\/product_tag?post=37569"}],"curies":[{"name":"wp","href":"https:\/\/api.w.org\/{rel}","templated":true}]}}