{"id":37575,"date":"2025-11-25T23:51:43","date_gmt":"2025-11-25T22:51:43","guid":{"rendered":"https:\/\/www.hirtenberg-apotheke.at\/katalog\/produkt\/pure-encapsulations-b-complex-plus-60-stk\/"},"modified":"2025-11-25T23:54:31","modified_gmt":"2025-11-25T22:54:31","slug":"pure-encapsulations-b-complex-plus-60-stk","status":"publish","type":"product","link":"https:\/\/www.hirtenberg-apotheke.at\/katalog\/produkt\/pure-encapsulations-b-complex-plus-60-stk\/","title":{"rendered":"Pure Encapsulations B-Complex Plus 60 Stk."},"content":{"rendered":"<p>Pure Encapsulations B-Complex Plus ist ein Nahrungserg\u00e4nzungsmittel mit aktivierten B-Vitaminen im Komplex mit Folat als Metafolin f\u00fcr eine besserte Aufnahme. Die B-Complex Plus Kapseln dienen der Unterst\u00fctzung des Nervensystems und des Energiehaushalts und der Regulierung des Stoffwechsels..<\/p>\n","protected":false},"excerpt":{"rendered":"<p>Pure Encapsulations B-Complex Plus ist ein Nahrungserg\u00e4nzungsmittel mit aktivierten B-Vitaminen im Komplex mit Folat als Metafolin f\u00fcr eine besserte Aufnahme. Die B-Complex Plus Kapseln dienen der Unterst\u00fctzung des Nervensystems und des Energiehaushalts und der Regulierung des Stoffwechsels..<\/p>\n","protected":false},"featured_media":37577,"template":"","meta":{"_acf_changed":false},"product_brand":[1033],"product_cat":[302],"product_tag":[],"class_list":{"0":"post-37575","1":"product","2":"type-product","3":"status-publish","4":"has-post-thumbnail","6":"product_brand-pure-encapsulations","7":"product_cat-p","8":"pa_packungsgroesse-60-stueck","9":"pa_packungsgroesse-120-stueck","11":"first","12":"instock","13":"shipping-taxable","14":"purchasable","15":"product-type-simple"},"acf":[],"_links":{"self":[{"href":"https:\/\/www.hirtenberg-apotheke.at\/katalog\/wp-json\/wp\/v2\/product\/37575","targetHints":{"allow":["GET"]}}],"collection":[{"href":"https:\/\/www.hirtenberg-apotheke.at\/katalog\/wp-json\/wp\/v2\/product"}],"about":[{"href":"https:\/\/www.hirtenberg-apotheke.at\/katalog\/wp-json\/wp\/v2\/types\/product"}],"wp:featuredmedia":[{"embeddable":true,"href":"https:\/\/www.hirtenberg-apotheke.at\/katalog\/wp-json\/wp\/v2\/media\/37577"}],"wp:attachment":[{"href":"https:\/\/www.hirtenberg-apotheke.at\/katalog\/wp-json\/wp\/v2\/media?parent=37575"}],"wp:term":[{"taxonomy":"product_brand","embeddable":true,"href":"https:\/\/www.hirtenberg-apotheke.at\/katalog\/wp-json\/wp\/v2\/product_brand?post=37575"},{"taxonomy":"product_cat","embeddable":true,"href":"https:\/\/www.hirtenberg-apotheke.at\/katalog\/wp-json\/wp\/v2\/product_cat?post=37575"},{"taxonomy":"product_tag","embeddable":true,"href":"https:\/\/www.hirtenberg-apotheke.at\/katalog\/wp-json\/wp\/v2\/product_tag?post=37575"}],"curies":[{"name":"wp","href":"https:\/\/api.w.org\/{rel}","templated":true}]}}