{"id":37585,"date":"2025-11-25T23:52:18","date_gmt":"2025-11-25T22:52:18","guid":{"rendered":"https:\/\/www.hirtenberg-apotheke.at\/katalog\/produkt\/supradyn-active-brausetabletten\/"},"modified":"2025-11-25T23:52:31","modified_gmt":"2025-11-25T22:52:31","slug":"supradyn-active-brausetabletten","status":"publish","type":"product","link":"https:\/\/www.hirtenberg-apotheke.at\/katalog\/produkt\/supradyn-active-brausetabletten\/","title":{"rendered":"Supradyn\u00ae active Brausetabletten"},"content":{"rendered":"<p>Supradyn\u00ae active aktiviert die nat\u00fcrliche Energie. Die spezielle Formulierung mit zahlreichen Vitaminen und Mineralstoffe hilft, das k\u00f6rpereigene Energiepotential besser freizusetzen. Die Vitamine C und E sowie Selen &#038; und Zink sch\u00fctzen die Zellen vor oxidativem Stress durch freie Radikale.<\/p>\n","protected":false},"excerpt":{"rendered":"<p>Supradyn\u00ae active aktiviert die nat\u00fcrliche Energie. Die spezielle Formulierung mit zahlreichen Vitaminen und Mineralstoffe hilft, das k\u00f6rpereigene Energiepotential besser freizusetzen. Die Vitamine C und E sowie Selen &#038; und Zink sch\u00fctzen die Zellen vor oxidativem Stress durch freie Radikale.<\/p>\n","protected":false},"featured_media":0,"template":"","meta":{"_acf_changed":false},"product_brand":[436],"product_cat":[303],"product_tag":[],"class_list":{"0":"post-37585","1":"product","2":"type-product","3":"status-publish","5":"product_brand-supradyn","6":"product_cat-s","7":"pa_packungsgroesse-30-stueck","9":"first","10":"instock","11":"shipping-taxable","12":"purchasable","13":"product-type-simple"},"acf":[],"_links":{"self":[{"href":"https:\/\/www.hirtenberg-apotheke.at\/katalog\/wp-json\/wp\/v2\/product\/37585","targetHints":{"allow":["GET"]}}],"collection":[{"href":"https:\/\/www.hirtenberg-apotheke.at\/katalog\/wp-json\/wp\/v2\/product"}],"about":[{"href":"https:\/\/www.hirtenberg-apotheke.at\/katalog\/wp-json\/wp\/v2\/types\/product"}],"wp:attachment":[{"href":"https:\/\/www.hirtenberg-apotheke.at\/katalog\/wp-json\/wp\/v2\/media?parent=37585"}],"wp:term":[{"taxonomy":"product_brand","embeddable":true,"href":"https:\/\/www.hirtenberg-apotheke.at\/katalog\/wp-json\/wp\/v2\/product_brand?post=37585"},{"taxonomy":"product_cat","embeddable":true,"href":"https:\/\/www.hirtenberg-apotheke.at\/katalog\/wp-json\/wp\/v2\/product_cat?post=37585"},{"taxonomy":"product_tag","embeddable":true,"href":"https:\/\/www.hirtenberg-apotheke.at\/katalog\/wp-json\/wp\/v2\/product_tag?post=37585"}],"curies":[{"name":"wp","href":"https:\/\/api.w.org\/{rel}","templated":true}]}}