{"id":37587,"date":"2025-11-25T23:52:18","date_gmt":"2025-11-25T22:52:18","guid":{"rendered":"https:\/\/www.hirtenberg-apotheke.at\/katalog\/produkt\/pure-encapsulations-all-in-one-60-stk\/"},"modified":"2025-11-25T23:54:19","modified_gmt":"2025-11-25T22:54:19","slug":"pure-encapsulations-all-in-one-60-stk","status":"publish","type":"product","link":"https:\/\/www.hirtenberg-apotheke.at\/katalog\/produkt\/pure-encapsulations-all-in-one-60-stk\/","title":{"rendered":"Pure Encapsulations All-in-one 60 Stk."},"content":{"rendered":"<p>Pure Encapsulations All-in-one liefert Vitamine, Mineralstoffe &#038; Spurenelemente f\u00fcr die t\u00e4gliche Basisversorgung &#038; unterst\u00fctzt mit Zink und Vitamin C ein starkes Immunsystem.<\/p>\n","protected":false},"excerpt":{"rendered":"<p>Pure Encapsulations All-in-one liefert Vitamine, Mineralstoffe &#038; Spurenelemente f\u00fcr die t\u00e4gliche Basisversorgung &#038; unterst\u00fctzt mit Zink und Vitamin C ein starkes Immunsystem.<\/p>\n","protected":false},"featured_media":37589,"template":"","meta":{"_acf_changed":false},"product_brand":[1033],"product_cat":[302],"product_tag":[],"class_list":{"0":"post-37587","1":"product","2":"type-product","3":"status-publish","4":"has-post-thumbnail","6":"product_brand-pure-encapsulations","7":"product_cat-p","8":"pa_packungsgroesse-60-stueck","9":"pa_packungsgroesse-120-stueck","11":"first","12":"instock","13":"shipping-taxable","14":"purchasable","15":"product-type-simple"},"acf":[],"_links":{"self":[{"href":"https:\/\/www.hirtenberg-apotheke.at\/katalog\/wp-json\/wp\/v2\/product\/37587","targetHints":{"allow":["GET"]}}],"collection":[{"href":"https:\/\/www.hirtenberg-apotheke.at\/katalog\/wp-json\/wp\/v2\/product"}],"about":[{"href":"https:\/\/www.hirtenberg-apotheke.at\/katalog\/wp-json\/wp\/v2\/types\/product"}],"wp:featuredmedia":[{"embeddable":true,"href":"https:\/\/www.hirtenberg-apotheke.at\/katalog\/wp-json\/wp\/v2\/media\/37589"}],"wp:attachment":[{"href":"https:\/\/www.hirtenberg-apotheke.at\/katalog\/wp-json\/wp\/v2\/media?parent=37587"}],"wp:term":[{"taxonomy":"product_brand","embeddable":true,"href":"https:\/\/www.hirtenberg-apotheke.at\/katalog\/wp-json\/wp\/v2\/product_brand?post=37587"},{"taxonomy":"product_cat","embeddable":true,"href":"https:\/\/www.hirtenberg-apotheke.at\/katalog\/wp-json\/wp\/v2\/product_cat?post=37587"},{"taxonomy":"product_tag","embeddable":true,"href":"https:\/\/www.hirtenberg-apotheke.at\/katalog\/wp-json\/wp\/v2\/product_tag?post=37587"}],"curies":[{"name":"wp","href":"https:\/\/api.w.org\/{rel}","templated":true}]}}