{"id":37593,"date":"2025-11-25T23:52:18","date_gmt":"2025-11-25T22:52:18","guid":{"rendered":"https:\/\/www.hirtenberg-apotheke.at\/katalog\/produkt\/pure-encapsulations-haut-haare-naegel-60-stk\/"},"modified":"2025-11-25T23:52:45","modified_gmt":"2025-11-25T22:52:45","slug":"pure-encapsulations-haut-haare-naegel-60-stk","status":"publish","type":"product","link":"https:\/\/www.hirtenberg-apotheke.at\/katalog\/produkt\/pure-encapsulations-haut-haare-naegel-60-stk\/","title":{"rendered":"Pure Encapsulations Haut-Haare-N\u00e4gel 60 Stk."},"content":{"rendered":"<p>Pure Encapsulations Haut-Haare-N\u00e4gel f\u00fcr ein straffes Hautbild, vitales Haar und starke N\u00e4gel. Die Sch\u00f6nheitsformel Haut-Haare-N\u00e4gel vereint spezielle bioaktive Stoffe mit Vitaminen und Spurenelementen in gepr\u00fcfter Qualit\u00e4t<\/p>\n","protected":false},"excerpt":{"rendered":"<p>Pure Encapsulations Haut-Haare-N\u00e4gel f\u00fcr ein straffes Hautbild, vitales Haar und starke N\u00e4gel. Die Sch\u00f6nheitsformel Haut-Haare-N\u00e4gel vereint spezielle bioaktive Stoffe mit Vitaminen und Spurenelementen in gepr\u00fcfter Qualit\u00e4t<\/p>\n","protected":false},"featured_media":37595,"template":"","meta":{"_acf_changed":false},"product_brand":[1033],"product_cat":[302],"product_tag":[],"class_list":{"0":"post-37593","1":"product","2":"type-product","3":"status-publish","4":"has-post-thumbnail","6":"product_brand-pure-encapsulations","7":"product_cat-p","8":"pa_packungsgroesse-60-stueck","10":"first","11":"instock","12":"shipping-taxable","13":"purchasable","14":"product-type-simple"},"acf":[],"_links":{"self":[{"href":"https:\/\/www.hirtenberg-apotheke.at\/katalog\/wp-json\/wp\/v2\/product\/37593","targetHints":{"allow":["GET"]}}],"collection":[{"href":"https:\/\/www.hirtenberg-apotheke.at\/katalog\/wp-json\/wp\/v2\/product"}],"about":[{"href":"https:\/\/www.hirtenberg-apotheke.at\/katalog\/wp-json\/wp\/v2\/types\/product"}],"wp:featuredmedia":[{"embeddable":true,"href":"https:\/\/www.hirtenberg-apotheke.at\/katalog\/wp-json\/wp\/v2\/media\/37595"}],"wp:attachment":[{"href":"https:\/\/www.hirtenberg-apotheke.at\/katalog\/wp-json\/wp\/v2\/media?parent=37593"}],"wp:term":[{"taxonomy":"product_brand","embeddable":true,"href":"https:\/\/www.hirtenberg-apotheke.at\/katalog\/wp-json\/wp\/v2\/product_brand?post=37593"},{"taxonomy":"product_cat","embeddable":true,"href":"https:\/\/www.hirtenberg-apotheke.at\/katalog\/wp-json\/wp\/v2\/product_cat?post=37593"},{"taxonomy":"product_tag","embeddable":true,"href":"https:\/\/www.hirtenberg-apotheke.at\/katalog\/wp-json\/wp\/v2\/product_tag?post=37593"}],"curies":[{"name":"wp","href":"https:\/\/api.w.org\/{rel}","templated":true}]}}