{"id":37636,"date":"2025-11-25T23:53:01","date_gmt":"2025-11-25T22:53:01","guid":{"rendered":"https:\/\/www.hirtenberg-apotheke.at\/katalog\/produkt\/dekristolvit-d3-4000ie-tabletten-30-stk\/"},"modified":"2025-11-25T23:53:53","modified_gmt":"2025-11-25T22:53:53","slug":"dekristolvit-d3-4000ie-tabletten-30-stk","status":"publish","type":"product","link":"https:\/\/www.hirtenberg-apotheke.at\/katalog\/produkt\/dekristolvit-d3-4000ie-tabletten-30-stk\/","title":{"rendered":"Dekristolvit D3 4000IE Tabletten 30 Stk."},"content":{"rendered":"<p>Dekristolvit D3 4000IE Tabletten versorgen den K\u00f6rper mit ausreichend Vitamin D. Dieses ist wichtig f\u00fcr die Gesundheit von Knochen, Muskeln, Immunsystem, sowie zur Erhaltung der Z\u00e4hne<\/p>\n","protected":false},"excerpt":{"rendered":"<p>Dekristolvit D3 4000IE Tabletten versorgen den K\u00f6rper mit ausreichend Vitamin D. Dieses ist wichtig f\u00fcr die Gesundheit von Knochen, Muskeln, Immunsystem, sowie zur Erhaltung der Z\u00e4hne<\/p>\n","protected":false},"featured_media":37638,"template":"","meta":{"_acf_changed":false},"product_brand":[],"product_cat":[295],"product_tag":[],"class_list":{"0":"post-37636","1":"product","2":"type-product","3":"status-publish","4":"has-post-thumbnail","6":"product_cat-d","7":"pa_packungsgroesse-30-stueck","9":"first","10":"instock","11":"shipping-taxable","12":"purchasable","13":"product-type-simple"},"acf":[],"_links":{"self":[{"href":"https:\/\/www.hirtenberg-apotheke.at\/katalog\/wp-json\/wp\/v2\/product\/37636","targetHints":{"allow":["GET"]}}],"collection":[{"href":"https:\/\/www.hirtenberg-apotheke.at\/katalog\/wp-json\/wp\/v2\/product"}],"about":[{"href":"https:\/\/www.hirtenberg-apotheke.at\/katalog\/wp-json\/wp\/v2\/types\/product"}],"wp:featuredmedia":[{"embeddable":true,"href":"https:\/\/www.hirtenberg-apotheke.at\/katalog\/wp-json\/wp\/v2\/media\/37638"}],"wp:attachment":[{"href":"https:\/\/www.hirtenberg-apotheke.at\/katalog\/wp-json\/wp\/v2\/media?parent=37636"}],"wp:term":[{"taxonomy":"product_brand","embeddable":true,"href":"https:\/\/www.hirtenberg-apotheke.at\/katalog\/wp-json\/wp\/v2\/product_brand?post=37636"},{"taxonomy":"product_cat","embeddable":true,"href":"https:\/\/www.hirtenberg-apotheke.at\/katalog\/wp-json\/wp\/v2\/product_cat?post=37636"},{"taxonomy":"product_tag","embeddable":true,"href":"https:\/\/www.hirtenberg-apotheke.at\/katalog\/wp-json\/wp\/v2\/product_tag?post=37636"}],"curies":[{"name":"wp","href":"https:\/\/api.w.org\/{rel}","templated":true}]}}