{"id":37642,"date":"2025-11-25T23:53:01","date_gmt":"2025-11-25T22:53:01","guid":{"rendered":"https:\/\/www.hirtenberg-apotheke.at\/katalog\/produkt\/sanostol-multi-vitamine-saft\/"},"modified":"2025-11-25T23:53:58","modified_gmt":"2025-11-25T22:53:58","slug":"sanostol-multi-vitamine-saft","status":"publish","type":"product","link":"https:\/\/www.hirtenberg-apotheke.at\/katalog\/produkt\/sanostol-multi-vitamine-saft\/","title":{"rendered":"Sanostol Multi-Vitamine Saft"},"content":{"rendered":"<p>Sanostol Multi-Vitamine ist ein Nahrungserg\u00e4nzungsmittel zur gezielten Versorgung mit lebenswichtigen Vitaminen. Zur Unterst\u00fctzung des Immunsystems und zum Erhalt der Abwehrkr\u00e4fte &#8211; dauerhaft mit hohem Rabatt bestellen!<\/p>\n","protected":false},"excerpt":{"rendered":"<p>Sanostol Multi-Vitamine ist ein Nahrungserg\u00e4nzungsmittel zur gezielten Versorgung mit lebenswichtigen Vitaminen. Zur Unterst\u00fctzung des Immunsystems und zum Erhalt der Abwehrkr\u00e4fte &#8211; dauerhaft mit hohem Rabatt bestellen!<\/p>\n","protected":false},"featured_media":0,"template":"","meta":{"_acf_changed":false},"product_brand":[1037],"product_cat":[303],"product_tag":[],"class_list":{"0":"post-37642","1":"product","2":"type-product","3":"status-publish","5":"product_brand-sanostol","6":"product_cat-s","7":"pa_geschmack-orange","8":"pa_packungsgroesse-460ml","10":"first","11":"instock","12":"shipping-taxable","13":"purchasable","14":"product-type-simple"},"acf":[],"_links":{"self":[{"href":"https:\/\/www.hirtenberg-apotheke.at\/katalog\/wp-json\/wp\/v2\/product\/37642","targetHints":{"allow":["GET"]}}],"collection":[{"href":"https:\/\/www.hirtenberg-apotheke.at\/katalog\/wp-json\/wp\/v2\/product"}],"about":[{"href":"https:\/\/www.hirtenberg-apotheke.at\/katalog\/wp-json\/wp\/v2\/types\/product"}],"wp:attachment":[{"href":"https:\/\/www.hirtenberg-apotheke.at\/katalog\/wp-json\/wp\/v2\/media?parent=37642"}],"wp:term":[{"taxonomy":"product_brand","embeddable":true,"href":"https:\/\/www.hirtenberg-apotheke.at\/katalog\/wp-json\/wp\/v2\/product_brand?post=37642"},{"taxonomy":"product_cat","embeddable":true,"href":"https:\/\/www.hirtenberg-apotheke.at\/katalog\/wp-json\/wp\/v2\/product_cat?post=37642"},{"taxonomy":"product_tag","embeddable":true,"href":"https:\/\/www.hirtenberg-apotheke.at\/katalog\/wp-json\/wp\/v2\/product_tag?post=37642"}],"curies":[{"name":"wp","href":"https:\/\/api.w.org\/{rel}","templated":true}]}}