{"id":37650,"date":"2025-11-25T23:53:57","date_gmt":"2025-11-25T22:53:57","guid":{"rendered":"https:\/\/www.hirtenberg-apotheke.at\/katalog\/produkt\/dr-boehm-magnesium-50-plus-dragees-60-stk\/"},"modified":"2025-11-25T23:54:15","modified_gmt":"2025-11-25T22:54:15","slug":"dr-boehm-magnesium-50-plus-dragees-60-stk","status":"publish","type":"product","link":"https:\/\/www.hirtenberg-apotheke.at\/katalog\/produkt\/dr-boehm-magnesium-50-plus-dragees-60-stk\/","title":{"rendered":"Dr. B\u00f6hm Magnesium 50 plus Dragees 60 Stk."},"content":{"rendered":"<p>Dr. B\u00f6hm Magnesium 50 plus Dragees beinhalten eine spezielle Kombination, optimal auf die Bed\u00fcrfnisse ab 50 abgestimmt. Besonders Personen ab 50 Jahren weisen laut aktuellem Ern\u00e4hrungsbericht einen Magnesium-Mangel auf. Aber auch die Herz und Gef\u00e4\u00dfgesundheit r\u00fcckt immer mehr in den Vorderung und hier hat sich der in Dr. B\u00f6hm Magnesium 50 plus enthaltene Knoblauch bew\u00e4hrt.<\/p>\n","protected":false},"excerpt":{"rendered":"<p>Dr. B\u00f6hm Magnesium 50 plus Dragees beinhalten eine spezielle Kombination, optimal auf die Bed\u00fcrfnisse ab 50 abgestimmt. Besonders Personen ab 50 Jahren weisen laut aktuellem Ern\u00e4hrungsbericht einen Magnesium-Mangel auf. Aber auch die Herz und Gef\u00e4\u00dfgesundheit r\u00fcckt immer mehr in den Vorderung und hier hat sich der in Dr. B\u00f6hm Magnesium 50 plus enthaltene Knoblauch bew\u00e4hrt.<\/p>\n","protected":false},"featured_media":37652,"template":"","meta":{"_acf_changed":false},"product_brand":[294],"product_cat":[295],"product_tag":[],"class_list":{"0":"post-37650","1":"product","2":"type-product","3":"status-publish","4":"has-post-thumbnail","6":"product_brand-dr-boehm","7":"product_cat-d","8":"pa_packungsgroesse-60-stueck","10":"first","11":"instock","12":"shipping-taxable","13":"purchasable","14":"product-type-simple"},"acf":[],"_links":{"self":[{"href":"https:\/\/www.hirtenberg-apotheke.at\/katalog\/wp-json\/wp\/v2\/product\/37650","targetHints":{"allow":["GET"]}}],"collection":[{"href":"https:\/\/www.hirtenberg-apotheke.at\/katalog\/wp-json\/wp\/v2\/product"}],"about":[{"href":"https:\/\/www.hirtenberg-apotheke.at\/katalog\/wp-json\/wp\/v2\/types\/product"}],"wp:featuredmedia":[{"embeddable":true,"href":"https:\/\/www.hirtenberg-apotheke.at\/katalog\/wp-json\/wp\/v2\/media\/37652"}],"wp:attachment":[{"href":"https:\/\/www.hirtenberg-apotheke.at\/katalog\/wp-json\/wp\/v2\/media?parent=37650"}],"wp:term":[{"taxonomy":"product_brand","embeddable":true,"href":"https:\/\/www.hirtenberg-apotheke.at\/katalog\/wp-json\/wp\/v2\/product_brand?post=37650"},{"taxonomy":"product_cat","embeddable":true,"href":"https:\/\/www.hirtenberg-apotheke.at\/katalog\/wp-json\/wp\/v2\/product_cat?post=37650"},{"taxonomy":"product_tag","embeddable":true,"href":"https:\/\/www.hirtenberg-apotheke.at\/katalog\/wp-json\/wp\/v2\/product_tag?post=37650"}],"curies":[{"name":"wp","href":"https:\/\/api.w.org\/{rel}","templated":true}]}}