{"id":37669,"date":"2025-11-25T23:53:57","date_gmt":"2025-11-25T22:53:57","guid":{"rendered":"https:\/\/www.hirtenberg-apotheke.at\/katalog\/produkt\/magnesium-verla-direkt-stick-himbeergeschmack\/"},"modified":"2025-11-25T23:54:35","modified_gmt":"2025-11-25T22:54:35","slug":"magnesium-verla-direkt-stick-himbeergeschmack","status":"publish","type":"product","link":"https:\/\/www.hirtenberg-apotheke.at\/katalog\/produkt\/magnesium-verla-direkt-stick-himbeergeschmack\/","title":{"rendered":"Magnesium Verla direkt Stick Himbeergeschmack"},"content":{"rendered":"<p>Magnesium Verla direkt Stick ist optimal zur schnellen Versorgung mit Magnesium. Durch die praktischen Sticks ist die Einnahme auch unterwegs m\u00f6glich. Beugt Wadenkr\u00e4mpfe, Muskelkr\u00e4mpfe und Muskelverspannungen vor &#8211; bestellen Sie jetzt dort, wo Sie sicher sind!<\/p>\n","protected":false},"excerpt":{"rendered":"<p>Magnesium Verla direkt Stick ist optimal zur schnellen Versorgung mit Magnesium. Durch die praktischen Sticks ist die Einnahme auch unterwegs m\u00f6glich. Beugt Wadenkr\u00e4mpfe, Muskelkr\u00e4mpfe und Muskelverspannungen vor &#8211; bestellen Sie jetzt dort, wo Sie sicher sind!<\/p>\n","protected":false},"featured_media":0,"template":"","meta":{"_acf_changed":false},"product_brand":[1032],"product_cat":[308],"product_tag":[],"class_list":{"0":"post-37669","1":"product","2":"type-product","3":"status-publish","5":"product_brand-verla","6":"product_cat-m","7":"pa_geschmack-himbeer","8":"pa_packungsgroesse-30-stueck","10":"first","11":"instock","12":"shipping-taxable","13":"purchasable","14":"product-type-simple"},"acf":[],"_links":{"self":[{"href":"https:\/\/www.hirtenberg-apotheke.at\/katalog\/wp-json\/wp\/v2\/product\/37669","targetHints":{"allow":["GET"]}}],"collection":[{"href":"https:\/\/www.hirtenberg-apotheke.at\/katalog\/wp-json\/wp\/v2\/product"}],"about":[{"href":"https:\/\/www.hirtenberg-apotheke.at\/katalog\/wp-json\/wp\/v2\/types\/product"}],"wp:attachment":[{"href":"https:\/\/www.hirtenberg-apotheke.at\/katalog\/wp-json\/wp\/v2\/media?parent=37669"}],"wp:term":[{"taxonomy":"product_brand","embeddable":true,"href":"https:\/\/www.hirtenberg-apotheke.at\/katalog\/wp-json\/wp\/v2\/product_brand?post=37669"},{"taxonomy":"product_cat","embeddable":true,"href":"https:\/\/www.hirtenberg-apotheke.at\/katalog\/wp-json\/wp\/v2\/product_cat?post=37669"},{"taxonomy":"product_tag","embeddable":true,"href":"https:\/\/www.hirtenberg-apotheke.at\/katalog\/wp-json\/wp\/v2\/product_tag?post=37669"}],"curies":[{"name":"wp","href":"https:\/\/api.w.org\/{rel}","templated":true}]}}