{"id":37760,"date":"2025-11-25T23:56:03","date_gmt":"2025-11-25T22:56:03","guid":{"rendered":"https:\/\/www.hirtenberg-apotheke.at\/katalog\/produkt\/oekopharm-vitamin-b-kapseln\/"},"modified":"2025-11-25T23:56:41","modified_gmt":"2025-11-25T22:56:41","slug":"oekopharm-vitamin-b-kapseln","status":"publish","type":"product","link":"https:\/\/www.hirtenberg-apotheke.at\/katalog\/produkt\/oekopharm-vitamin-b-kapseln\/","title":{"rendered":"\u00d6kopharm Vitamin B Kapseln"},"content":{"rendered":"<p>\u00d6komed Vitamin B Komplex Kapseln &#8211; f\u00fcr ein gesundes Nervensystem und mehr Energie! Der \u00d6kopharm Wirkkomplex in Vitamin B Komplex Kapseln ist aus B-Vitaminen und weiteren Mikron\u00e4hrstoffen durchdacht zusammengesetzt. Er st\u00e4rkt das Nervensystem und unterstu\u0308tzt die Energiegewinnung. Das steigert die kognitive Leistungsf\u00e4higkeit und reduziert Mu\u0308digkeit und Ersch\u00f6pfung.<\/p>\n","protected":false},"excerpt":{"rendered":"<p>\u00d6komed Vitamin B Komplex Kapseln &#8211; f\u00fcr ein gesundes Nervensystem und mehr Energie! Der \u00d6kopharm Wirkkomplex in Vitamin B Komplex Kapseln ist aus B-Vitaminen und weiteren Mikron\u00e4hrstoffen durchdacht zusammengesetzt. Er st\u00e4rkt das Nervensystem und unterstu\u0308tzt die Energiegewinnung. Das steigert die kognitive Leistungsf\u00e4higkeit und reduziert Mu\u0308digkeit und Ersch\u00f6pfung.<\/p>\n","protected":false},"featured_media":37762,"template":"","meta":{"_acf_changed":false},"product_brand":[342],"product_cat":[299],"product_tag":[],"class_list":{"0":"post-37760","1":"product","2":"type-product","3":"status-publish","4":"has-post-thumbnail","6":"product_brand-oekopharm","7":"product_cat-a","8":"pa_packungsgroesse-60-stueck","10":"first","11":"instock","12":"shipping-taxable","13":"purchasable","14":"product-type-simple"},"acf":[],"_links":{"self":[{"href":"https:\/\/www.hirtenberg-apotheke.at\/katalog\/wp-json\/wp\/v2\/product\/37760","targetHints":{"allow":["GET"]}}],"collection":[{"href":"https:\/\/www.hirtenberg-apotheke.at\/katalog\/wp-json\/wp\/v2\/product"}],"about":[{"href":"https:\/\/www.hirtenberg-apotheke.at\/katalog\/wp-json\/wp\/v2\/types\/product"}],"wp:featuredmedia":[{"embeddable":true,"href":"https:\/\/www.hirtenberg-apotheke.at\/katalog\/wp-json\/wp\/v2\/media\/37762"}],"wp:attachment":[{"href":"https:\/\/www.hirtenberg-apotheke.at\/katalog\/wp-json\/wp\/v2\/media?parent=37760"}],"wp:term":[{"taxonomy":"product_brand","embeddable":true,"href":"https:\/\/www.hirtenberg-apotheke.at\/katalog\/wp-json\/wp\/v2\/product_brand?post=37760"},{"taxonomy":"product_cat","embeddable":true,"href":"https:\/\/www.hirtenberg-apotheke.at\/katalog\/wp-json\/wp\/v2\/product_cat?post=37760"},{"taxonomy":"product_tag","embeddable":true,"href":"https:\/\/www.hirtenberg-apotheke.at\/katalog\/wp-json\/wp\/v2\/product_tag?post=37760"}],"curies":[{"name":"wp","href":"https:\/\/api.w.org\/{rel}","templated":true}]}}