{"id":37837,"date":"2025-11-25T23:57:44","date_gmt":"2025-11-25T22:57:44","guid":{"rendered":"https:\/\/www.hirtenberg-apotheke.at\/katalog\/produkt\/burgerstein-zinkvital-15-mg-tabletten-100-stk\/"},"modified":"2025-11-25T23:58:09","modified_gmt":"2025-11-25T22:58:09","slug":"burgerstein-zinkvital-15-mg-tabletten-100-stk","status":"publish","type":"product","link":"https:\/\/www.hirtenberg-apotheke.at\/katalog\/produkt\/burgerstein-zinkvital-15-mg-tabletten-100-stk\/","title":{"rendered":"Burgerstein Zinkvital 15 mg Tabletten 100 Stk."},"content":{"rendered":"<p>Burgerstein Zinkvital bietet neben Selen das wichtigste Spurenelement im Stoffwechsel und ist zentral f\u00fcr die Regulation des Immunsystems.Es hilft bei weissen Flecken auf den Fingern\u00e4geln und ist wichtig f\u00fcr gesunde Haut und Haare.<\/p>\n","protected":false},"excerpt":{"rendered":"<p>Burgerstein Zinkvital bietet neben Selen das wichtigste Spurenelement im Stoffwechsel und ist zentral f\u00fcr die Regulation des Immunsystems.Es hilft bei weissen Flecken auf den Fingern\u00e4geln und ist wichtig f\u00fcr gesunde Haut und Haare.<\/p>\n","protected":false},"featured_media":0,"template":"","meta":{"_acf_changed":false},"product_brand":[422],"product_cat":[292],"product_tag":[],"class_list":{"0":"post-37837","1":"product","2":"type-product","3":"status-publish","5":"product_brand-burgerstein","6":"product_cat-b","7":"pa_packungsgroesse-100-stueck","9":"first","10":"instock","11":"shipping-taxable","12":"purchasable","13":"product-type-simple"},"acf":[],"_links":{"self":[{"href":"https:\/\/www.hirtenberg-apotheke.at\/katalog\/wp-json\/wp\/v2\/product\/37837","targetHints":{"allow":["GET"]}}],"collection":[{"href":"https:\/\/www.hirtenberg-apotheke.at\/katalog\/wp-json\/wp\/v2\/product"}],"about":[{"href":"https:\/\/www.hirtenberg-apotheke.at\/katalog\/wp-json\/wp\/v2\/types\/product"}],"wp:attachment":[{"href":"https:\/\/www.hirtenberg-apotheke.at\/katalog\/wp-json\/wp\/v2\/media?parent=37837"}],"wp:term":[{"taxonomy":"product_brand","embeddable":true,"href":"https:\/\/www.hirtenberg-apotheke.at\/katalog\/wp-json\/wp\/v2\/product_brand?post=37837"},{"taxonomy":"product_cat","embeddable":true,"href":"https:\/\/www.hirtenberg-apotheke.at\/katalog\/wp-json\/wp\/v2\/product_cat?post=37837"},{"taxonomy":"product_tag","embeddable":true,"href":"https:\/\/www.hirtenberg-apotheke.at\/katalog\/wp-json\/wp\/v2\/product_tag?post=37837"}],"curies":[{"name":"wp","href":"https:\/\/api.w.org\/{rel}","templated":true}]}}