{"id":37861,"date":"2025-11-26T07:06:47","date_gmt":"2025-11-26T06:06:47","guid":{"rendered":"https:\/\/www.hirtenberg-apotheke.at\/katalog\/produkt\/etocovit-weichkapseln-60-stk\/"},"modified":"2025-11-26T07:07:07","modified_gmt":"2025-11-26T06:07:07","slug":"etocovit-weichkapseln-60-stk","status":"publish","type":"product","link":"https:\/\/www.hirtenberg-apotheke.at\/katalog\/produkt\/etocovit-weichkapseln-60-stk\/","title":{"rendered":"Etocovit Weichkapseln 60 Stk."},"content":{"rendered":"<p>Etocovit Weichkapseln dienen zur Erhaltung der k\u00f6rpereigenen Abwehrkr\u00e4fte und der Leistungsf\u00e4higkeit. Sie sind das Mittel erster Wahl bei gesteigertem Vitamin E-Bedarf und werden auch zur Vermeidung und Behandlung von Vitamin E-Mangelzust\u00e4nden empfohlen.<\/p>\n","protected":false},"excerpt":{"rendered":"<p>Etocovit Weichkapseln dienen zur Erhaltung der k\u00f6rpereigenen Abwehrkr\u00e4fte und der Leistungsf\u00e4higkeit. Sie sind das Mittel erster Wahl bei gesteigertem Vitamin E-Bedarf und werden auch zur Vermeidung und Behandlung von Vitamin E-Mangelzust\u00e4nden empfohlen.<\/p>\n","protected":false},"featured_media":37863,"template":"","meta":{"_acf_changed":false},"product_brand":[],"product_cat":[307],"product_tag":[],"class_list":{"0":"post-37861","1":"product","2":"type-product","3":"status-publish","4":"has-post-thumbnail","6":"product_cat-e","7":"pa_packungsgroesse-60-stueck","9":"first","10":"instock","11":"shipping-taxable","12":"purchasable","13":"product-type-simple"},"acf":[],"_links":{"self":[{"href":"https:\/\/www.hirtenberg-apotheke.at\/katalog\/wp-json\/wp\/v2\/product\/37861","targetHints":{"allow":["GET"]}}],"collection":[{"href":"https:\/\/www.hirtenberg-apotheke.at\/katalog\/wp-json\/wp\/v2\/product"}],"about":[{"href":"https:\/\/www.hirtenberg-apotheke.at\/katalog\/wp-json\/wp\/v2\/types\/product"}],"wp:featuredmedia":[{"embeddable":true,"href":"https:\/\/www.hirtenberg-apotheke.at\/katalog\/wp-json\/wp\/v2\/media\/37863"}],"wp:attachment":[{"href":"https:\/\/www.hirtenberg-apotheke.at\/katalog\/wp-json\/wp\/v2\/media?parent=37861"}],"wp:term":[{"taxonomy":"product_brand","embeddable":true,"href":"https:\/\/www.hirtenberg-apotheke.at\/katalog\/wp-json\/wp\/v2\/product_brand?post=37861"},{"taxonomy":"product_cat","embeddable":true,"href":"https:\/\/www.hirtenberg-apotheke.at\/katalog\/wp-json\/wp\/v2\/product_cat?post=37861"},{"taxonomy":"product_tag","embeddable":true,"href":"https:\/\/www.hirtenberg-apotheke.at\/katalog\/wp-json\/wp\/v2\/product_tag?post=37861"}],"curies":[{"name":"wp","href":"https:\/\/api.w.org\/{rel}","templated":true}]}}