{"id":37931,"date":"2025-11-26T07:08:44","date_gmt":"2025-11-26T06:08:44","guid":{"rendered":"https:\/\/www.hirtenberg-apotheke.at\/katalog\/produkt\/magnesium-oel-pur-spray-apofit-100-ml\/"},"modified":"2025-11-26T07:08:53","modified_gmt":"2025-11-26T06:08:53","slug":"magnesium-oel-pur-spray-apofit-100-ml","status":"publish","type":"product","link":"https:\/\/www.hirtenberg-apotheke.at\/katalog\/produkt\/magnesium-oel-pur-spray-apofit-100-ml\/","title":{"rendered":"Magnesium \u00d6l Pur Spray Apofit 100 ml"},"content":{"rendered":"<p>Magnesium \u00d6l Pur Spray Apofit verbessert die Muskelfunktion und lindert Kr\u00e4mpfe und Unruhe. Das nicht fettende \u00d6l wird bei Bedarf \u00fcber verspannte Muskeln in die Haut einmassiert, um bei Unruhe oder Muskelkr\u00e4mpfen f\u00fcr Linderung und Entspannung zu sorgen.<\/p>\n","protected":false},"excerpt":{"rendered":"<p>Magnesium \u00d6l Pur Spray Apofit verbessert die Muskelfunktion und lindert Kr\u00e4mpfe und Unruhe. Das nicht fettende \u00d6l wird bei Bedarf \u00fcber verspannte Muskeln in die Haut einmassiert, um bei Unruhe oder Muskelkr\u00e4mpfen f\u00fcr Linderung und Entspannung zu sorgen.<\/p>\n","protected":false},"featured_media":37933,"template":"","meta":{"_acf_changed":false},"product_brand":[571],"product_cat":[308],"product_tag":[],"class_list":{"0":"post-37931","1":"product","2":"type-product","3":"status-publish","4":"has-post-thumbnail","6":"product_brand-apofit","7":"product_cat-m","8":"pa_packungsgroesse-100ml","10":"first","11":"instock","12":"shipping-taxable","13":"purchasable","14":"product-type-simple"},"acf":[],"_links":{"self":[{"href":"https:\/\/www.hirtenberg-apotheke.at\/katalog\/wp-json\/wp\/v2\/product\/37931","targetHints":{"allow":["GET"]}}],"collection":[{"href":"https:\/\/www.hirtenberg-apotheke.at\/katalog\/wp-json\/wp\/v2\/product"}],"about":[{"href":"https:\/\/www.hirtenberg-apotheke.at\/katalog\/wp-json\/wp\/v2\/types\/product"}],"wp:featuredmedia":[{"embeddable":true,"href":"https:\/\/www.hirtenberg-apotheke.at\/katalog\/wp-json\/wp\/v2\/media\/37933"}],"wp:attachment":[{"href":"https:\/\/www.hirtenberg-apotheke.at\/katalog\/wp-json\/wp\/v2\/media?parent=37931"}],"wp:term":[{"taxonomy":"product_brand","embeddable":true,"href":"https:\/\/www.hirtenberg-apotheke.at\/katalog\/wp-json\/wp\/v2\/product_brand?post=37931"},{"taxonomy":"product_cat","embeddable":true,"href":"https:\/\/www.hirtenberg-apotheke.at\/katalog\/wp-json\/wp\/v2\/product_cat?post=37931"},{"taxonomy":"product_tag","embeddable":true,"href":"https:\/\/www.hirtenberg-apotheke.at\/katalog\/wp-json\/wp\/v2\/product_tag?post=37931"}],"curies":[{"name":"wp","href":"https:\/\/api.w.org\/{rel}","templated":true}]}}