{"id":37940,"date":"2025-11-26T07:08:44","date_gmt":"2025-11-26T06:08:44","guid":{"rendered":"https:\/\/www.hirtenberg-apotheke.at\/katalog\/produkt\/hafesan-lebertran-vitamin-a-d-500-mg-kapseln-80-stk\/"},"modified":"2025-11-26T07:09:03","modified_gmt":"2025-11-26T06:09:03","slug":"hafesan-lebertran-vitamin-a-d-500-mg-kapseln-80-stk","status":"publish","type":"product","link":"https:\/\/www.hirtenberg-apotheke.at\/katalog\/produkt\/hafesan-lebertran-vitamin-a-d-500-mg-kapseln-80-stk\/","title":{"rendered":"Hafesan Lebertran Vitamin A + D 500 mg Kapseln 80 Stk."},"content":{"rendered":"<p>Hafesan\u00ae Lebertran Vitamin A + D 500 mg Kapseln unterst\u00fctzen Ihre Gehirnfunktion, Sehkraft und Knochen. Zus\u00e4tzlich tragen sie zu Erhaltung von normalen Knochen und gesunder Haut bei und unterst\u00fctzen das Immunsystem.<\/p>\n","protected":false},"excerpt":{"rendered":"<p>Hafesan\u00ae Lebertran Vitamin A + D 500 mg Kapseln unterst\u00fctzen Ihre Gehirnfunktion, Sehkraft und Knochen. Zus\u00e4tzlich tragen sie zu Erhaltung von normalen Knochen und gesunder Haut bei und unterst\u00fctzen das Immunsystem.<\/p>\n","protected":false},"featured_media":37942,"template":"","meta":{"_acf_changed":false},"product_brand":[329],"product_cat":[330],"product_tag":[],"class_list":{"0":"post-37940","1":"product","2":"type-product","3":"status-publish","4":"has-post-thumbnail","6":"product_brand-hafesan","7":"product_cat-h","8":"pa_packungsgroesse-80-stueck","10":"first","11":"instock","12":"shipping-taxable","13":"purchasable","14":"product-type-simple"},"acf":[],"_links":{"self":[{"href":"https:\/\/www.hirtenberg-apotheke.at\/katalog\/wp-json\/wp\/v2\/product\/37940","targetHints":{"allow":["GET"]}}],"collection":[{"href":"https:\/\/www.hirtenberg-apotheke.at\/katalog\/wp-json\/wp\/v2\/product"}],"about":[{"href":"https:\/\/www.hirtenberg-apotheke.at\/katalog\/wp-json\/wp\/v2\/types\/product"}],"wp:featuredmedia":[{"embeddable":true,"href":"https:\/\/www.hirtenberg-apotheke.at\/katalog\/wp-json\/wp\/v2\/media\/37942"}],"wp:attachment":[{"href":"https:\/\/www.hirtenberg-apotheke.at\/katalog\/wp-json\/wp\/v2\/media?parent=37940"}],"wp:term":[{"taxonomy":"product_brand","embeddable":true,"href":"https:\/\/www.hirtenberg-apotheke.at\/katalog\/wp-json\/wp\/v2\/product_brand?post=37940"},{"taxonomy":"product_cat","embeddable":true,"href":"https:\/\/www.hirtenberg-apotheke.at\/katalog\/wp-json\/wp\/v2\/product_cat?post=37940"},{"taxonomy":"product_tag","embeddable":true,"href":"https:\/\/www.hirtenberg-apotheke.at\/katalog\/wp-json\/wp\/v2\/product_tag?post=37940"}],"curies":[{"name":"wp","href":"https:\/\/api.w.org\/{rel}","templated":true}]}}