{"id":37963,"date":"2025-11-26T07:09:17","date_gmt":"2025-11-26T06:09:17","guid":{"rendered":"https:\/\/www.hirtenberg-apotheke.at\/katalog\/produkt\/cetebe-vitamin-c-retard-500-mg-kapseln-2\/"},"modified":"2025-11-26T07:09:20","modified_gmt":"2025-11-26T06:09:20","slug":"cetebe-vitamin-c-retard-500-mg-kapseln-2","status":"publish","type":"product","link":"https:\/\/www.hirtenberg-apotheke.at\/katalog\/produkt\/cetebe-vitamin-c-retard-500-mg-kapseln-2\/","title":{"rendered":"Cetebe Vitamin C Retard 500 mg Kapseln"},"content":{"rendered":"<p>CETEBE\u00ae Vitamin C Retard 500 mg Kapseln dienen der Vorbeugung von Vitamin-C-Mangel-Krankheiten. Durch die hohe Dosierung wird Ihr K\u00f6per kontinuierlich von morgens bis abends mit Vitamin C versorgt. Diese Kapseln erhalten Sie in den Packungsgr\u00f6\u00dfen 30, 60 und 120 St\u00fcck.<\/p>\n","protected":false},"excerpt":{"rendered":"<p>CETEBE\u00ae Vitamin C Retard 500 mg Kapseln dienen der Vorbeugung von Vitamin-C-Mangel-Krankheiten. Durch die hohe Dosierung wird Ihr K\u00f6per kontinuierlich von morgens bis abends mit Vitamin C versorgt. Diese Kapseln erhalten Sie in den Packungsgr\u00f6\u00dfen 30, 60 und 120 St\u00fcck.<\/p>\n","protected":false},"featured_media":0,"template":"","meta":{"_acf_changed":false},"product_brand":[],"product_cat":[337],"product_tag":[],"class_list":{"0":"post-37963","1":"product","2":"type-product","3":"status-publish","5":"product_cat-c","6":"pa_packungsgroesse-120-stueck","8":"first","9":"instock","10":"shipping-taxable","11":"purchasable","12":"product-type-simple"},"acf":[],"_links":{"self":[{"href":"https:\/\/www.hirtenberg-apotheke.at\/katalog\/wp-json\/wp\/v2\/product\/37963","targetHints":{"allow":["GET"]}}],"collection":[{"href":"https:\/\/www.hirtenberg-apotheke.at\/katalog\/wp-json\/wp\/v2\/product"}],"about":[{"href":"https:\/\/www.hirtenberg-apotheke.at\/katalog\/wp-json\/wp\/v2\/types\/product"}],"wp:attachment":[{"href":"https:\/\/www.hirtenberg-apotheke.at\/katalog\/wp-json\/wp\/v2\/media?parent=37963"}],"wp:term":[{"taxonomy":"product_brand","embeddable":true,"href":"https:\/\/www.hirtenberg-apotheke.at\/katalog\/wp-json\/wp\/v2\/product_brand?post=37963"},{"taxonomy":"product_cat","embeddable":true,"href":"https:\/\/www.hirtenberg-apotheke.at\/katalog\/wp-json\/wp\/v2\/product_cat?post=37963"},{"taxonomy":"product_tag","embeddable":true,"href":"https:\/\/www.hirtenberg-apotheke.at\/katalog\/wp-json\/wp\/v2\/product_tag?post=37963"}],"curies":[{"name":"wp","href":"https:\/\/api.w.org\/{rel}","templated":true}]}}