{"id":37965,"date":"2025-11-26T07:09:17","date_gmt":"2025-11-26T06:09:17","guid":{"rendered":"https:\/\/www.hirtenberg-apotheke.at\/katalog\/produkt\/oekopharm-eisen-kapseln\/"},"modified":"2025-11-26T07:09:30","modified_gmt":"2025-11-26T06:09:30","slug":"oekopharm-eisen-kapseln","status":"publish","type":"product","link":"https:\/\/www.hirtenberg-apotheke.at\/katalog\/produkt\/oekopharm-eisen-kapseln\/","title":{"rendered":"\u00d6kopharm Eisen Kapseln"},"content":{"rendered":"<p>Der \u00d6kopharm Eisen Wirkkomplex 30 Stk. Kapseln ist durchdacht zusammengesetzt mit gut bioverf\u00fcgbarem Eisen, Kupfer, Vitamin C und Phyto-Panmol\u00ae Vitamin B Komplex aus hochwertigen Quinoa-Keimlingen.<\/p>\n","protected":false},"excerpt":{"rendered":"<p>Der \u00d6kopharm Eisen Wirkkomplex 30 Stk. Kapseln ist durchdacht zusammengesetzt mit gut bioverf\u00fcgbarem Eisen, Kupfer, Vitamin C und Phyto-Panmol\u00ae Vitamin B Komplex aus hochwertigen Quinoa-Keimlingen.<\/p>\n","protected":false},"featured_media":37967,"template":"","meta":{"_acf_changed":false},"product_brand":[342],"product_cat":[299],"product_tag":[],"class_list":{"0":"post-37965","1":"product","2":"type-product","3":"status-publish","4":"has-post-thumbnail","6":"product_brand-oekopharm","7":"product_cat-a","8":"pa_packungsgroesse-30-stueck","10":"first","11":"instock","12":"shipping-taxable","13":"purchasable","14":"product-type-simple"},"acf":[],"_links":{"self":[{"href":"https:\/\/www.hirtenberg-apotheke.at\/katalog\/wp-json\/wp\/v2\/product\/37965","targetHints":{"allow":["GET"]}}],"collection":[{"href":"https:\/\/www.hirtenberg-apotheke.at\/katalog\/wp-json\/wp\/v2\/product"}],"about":[{"href":"https:\/\/www.hirtenberg-apotheke.at\/katalog\/wp-json\/wp\/v2\/types\/product"}],"wp:featuredmedia":[{"embeddable":true,"href":"https:\/\/www.hirtenberg-apotheke.at\/katalog\/wp-json\/wp\/v2\/media\/37967"}],"wp:attachment":[{"href":"https:\/\/www.hirtenberg-apotheke.at\/katalog\/wp-json\/wp\/v2\/media?parent=37965"}],"wp:term":[{"taxonomy":"product_brand","embeddable":true,"href":"https:\/\/www.hirtenberg-apotheke.at\/katalog\/wp-json\/wp\/v2\/product_brand?post=37965"},{"taxonomy":"product_cat","embeddable":true,"href":"https:\/\/www.hirtenberg-apotheke.at\/katalog\/wp-json\/wp\/v2\/product_cat?post=37965"},{"taxonomy":"product_tag","embeddable":true,"href":"https:\/\/www.hirtenberg-apotheke.at\/katalog\/wp-json\/wp\/v2\/product_tag?post=37965"}],"curies":[{"name":"wp","href":"https:\/\/api.w.org\/{rel}","templated":true}]}}