{"id":37995,"date":"2025-11-26T07:09:40","date_gmt":"2025-11-26T06:09:40","guid":{"rendered":"https:\/\/www.hirtenberg-apotheke.at\/katalog\/produkt\/nicapur-selen-200-kapseln-60-stk\/"},"modified":"2025-11-26T07:10:03","modified_gmt":"2025-11-26T06:10:03","slug":"nicapur-selen-200-kapseln-60-stk","status":"publish","type":"product","link":"https:\/\/www.hirtenberg-apotheke.at\/katalog\/produkt\/nicapur-selen-200-kapseln-60-stk\/","title":{"rendered":"Nicapur Selen 200 Kapseln 60 Stk."},"content":{"rendered":"<p>Nicapur Selen 200 Kapseln ist ein Nahrungserg\u00e4nzungsmittel zur Verbesserung der Selenversorgung. Zum Schutz der Schilddr\u00fcse und ihrer Funktionen, zum pro-aktiven Zellschutz des Gewebes insbesondere bei der regelm\u00e4\u00dfigenEinnahme von Schilddr\u00fcsentherapeutika. F\u00fcr ein funktionsf\u00e4higes Immunsystem und gesunde Abwehrkr\u00e4fte.<\/p>\n","protected":false},"excerpt":{"rendered":"<p>Nicapur Selen 200 Kapseln ist ein Nahrungserg\u00e4nzungsmittel zur Verbesserung der Selenversorgung. Zum Schutz der Schilddr\u00fcse und ihrer Funktionen, zum pro-aktiven Zellschutz des Gewebes insbesondere bei der regelm\u00e4\u00dfigenEinnahme von Schilddr\u00fcsentherapeutika. F\u00fcr ein funktionsf\u00e4higes Immunsystem und gesunde Abwehrkr\u00e4fte.<\/p>\n","protected":false},"featured_media":37997,"template":"","meta":{"_acf_changed":false},"product_brand":[309],"product_cat":[310],"product_tag":[],"class_list":{"0":"post-37995","1":"product","2":"type-product","3":"status-publish","4":"has-post-thumbnail","6":"product_brand-nicapur","7":"product_cat-n","8":"pa_packungsgroesse-60-stueck","10":"first","11":"instock","12":"shipping-taxable","13":"purchasable","14":"product-type-simple"},"acf":[],"_links":{"self":[{"href":"https:\/\/www.hirtenberg-apotheke.at\/katalog\/wp-json\/wp\/v2\/product\/37995","targetHints":{"allow":["GET"]}}],"collection":[{"href":"https:\/\/www.hirtenberg-apotheke.at\/katalog\/wp-json\/wp\/v2\/product"}],"about":[{"href":"https:\/\/www.hirtenberg-apotheke.at\/katalog\/wp-json\/wp\/v2\/types\/product"}],"wp:featuredmedia":[{"embeddable":true,"href":"https:\/\/www.hirtenberg-apotheke.at\/katalog\/wp-json\/wp\/v2\/media\/37997"}],"wp:attachment":[{"href":"https:\/\/www.hirtenberg-apotheke.at\/katalog\/wp-json\/wp\/v2\/media?parent=37995"}],"wp:term":[{"taxonomy":"product_brand","embeddable":true,"href":"https:\/\/www.hirtenberg-apotheke.at\/katalog\/wp-json\/wp\/v2\/product_brand?post=37995"},{"taxonomy":"product_cat","embeddable":true,"href":"https:\/\/www.hirtenberg-apotheke.at\/katalog\/wp-json\/wp\/v2\/product_cat?post=37995"},{"taxonomy":"product_tag","embeddable":true,"href":"https:\/\/www.hirtenberg-apotheke.at\/katalog\/wp-json\/wp\/v2\/product_tag?post=37995"}],"curies":[{"name":"wp","href":"https:\/\/api.w.org\/{rel}","templated":true}]}}