{"id":38004,"date":"2025-11-26T07:09:40","date_gmt":"2025-11-26T06:09:40","guid":{"rendered":"https:\/\/www.hirtenberg-apotheke.at\/katalog\/produkt\/pure-encapsulations-b12-folate-90-stk\/"},"modified":"2025-11-26T07:10:07","modified_gmt":"2025-11-26T06:10:07","slug":"pure-encapsulations-b12-folate-90-stk","status":"publish","type":"product","link":"https:\/\/www.hirtenberg-apotheke.at\/katalog\/produkt\/pure-encapsulations-b12-folate-90-stk\/","title":{"rendered":"Pure Encapsulations B12 Folate 90 Stk."},"content":{"rendered":"<p>Pure Encapsulations B12 Folate versorgen den K\u00f6rper mit Vitaminen B12 und B9. Die Kapseln unterst\u00fctzen dadurch den K\u00f6rper bei der Zellproliferation, Blutproduktion und Aufrechterhaltung eines gesunden Nervensystems<\/p>\n","protected":false},"excerpt":{"rendered":"<p>Pure Encapsulations B12 Folate versorgen den K\u00f6rper mit Vitaminen B12 und B9. Die Kapseln unterst\u00fctzen dadurch den K\u00f6rper bei der Zellproliferation, Blutproduktion und Aufrechterhaltung eines gesunden Nervensystems<\/p>\n","protected":false},"featured_media":38006,"template":"","meta":{"_acf_changed":false},"product_brand":[1033],"product_cat":[302],"product_tag":[],"class_list":{"0":"post-38004","1":"product","2":"type-product","3":"status-publish","4":"has-post-thumbnail","6":"product_brand-pure-encapsulations","7":"product_cat-p","8":"pa_packungsgroesse-90-stueck","10":"first","11":"instock","12":"shipping-taxable","13":"purchasable","14":"product-type-simple"},"acf":[],"_links":{"self":[{"href":"https:\/\/www.hirtenberg-apotheke.at\/katalog\/wp-json\/wp\/v2\/product\/38004","targetHints":{"allow":["GET"]}}],"collection":[{"href":"https:\/\/www.hirtenberg-apotheke.at\/katalog\/wp-json\/wp\/v2\/product"}],"about":[{"href":"https:\/\/www.hirtenberg-apotheke.at\/katalog\/wp-json\/wp\/v2\/types\/product"}],"wp:featuredmedia":[{"embeddable":true,"href":"https:\/\/www.hirtenberg-apotheke.at\/katalog\/wp-json\/wp\/v2\/media\/38006"}],"wp:attachment":[{"href":"https:\/\/www.hirtenberg-apotheke.at\/katalog\/wp-json\/wp\/v2\/media?parent=38004"}],"wp:term":[{"taxonomy":"product_brand","embeddable":true,"href":"https:\/\/www.hirtenberg-apotheke.at\/katalog\/wp-json\/wp\/v2\/product_brand?post=38004"},{"taxonomy":"product_cat","embeddable":true,"href":"https:\/\/www.hirtenberg-apotheke.at\/katalog\/wp-json\/wp\/v2\/product_cat?post=38004"},{"taxonomy":"product_tag","embeddable":true,"href":"https:\/\/www.hirtenberg-apotheke.at\/katalog\/wp-json\/wp\/v2\/product_tag?post=38004"}],"curies":[{"name":"wp","href":"https:\/\/api.w.org\/{rel}","templated":true}]}}