{"id":38022,"date":"2025-11-26T07:10:10","date_gmt":"2025-11-26T06:10:10","guid":{"rendered":"https:\/\/www.hirtenberg-apotheke.at\/katalog\/produkt\/pure-encapsulations-schlaf-formel-kapseln-60-stk\/"},"modified":"2025-11-26T07:10:32","modified_gmt":"2025-11-26T06:10:32","slug":"pure-encapsulations-schlaf-formel-kapseln-60-stk","status":"publish","type":"product","link":"https:\/\/www.hirtenberg-apotheke.at\/katalog\/produkt\/pure-encapsulations-schlaf-formel-kapseln-60-stk\/","title":{"rendered":"Pure Encapsulations Schlaf Formel Kapseln 60 Stk."},"content":{"rendered":"<p>Durchschlafen f\u00fcllt die \u201eEnergie-Akkus\u201c des Organismus und tutunserer Stimmung gut. Die Schlaf Formel von Pure Encapsulations\u00aekombiniert ausgew\u00e4hlte Mikron\u00e4hrstoffe mit dem Extrakt dertraditionell bew\u00e4hrten Melisse, die aufgrund ihrer entspannendenEigenschaften beim Einschlafen unterst\u00fctzt.Die in der innovativen Formel enthaltenen B-Vitamine sowie derMineralstoff Magnesium sind wichtig f\u00fcr starke Nerven und einegesunde Psyche. Melissen-Extrakt hat einen entspannenden Effektund hilft beim Einschlafen.Ausgew\u00e4hlte, in der Schlaf Formel enthaltene Mikron\u00e4hrstoffe,tragen zu einer normalen Funktion der Psyche und des Nervensystemsbei &#8211; Jetzt online bestellen<\/p>\n","protected":false},"excerpt":{"rendered":"<p>Durchschlafen f\u00fcllt die \u201eEnergie-Akkus\u201c des Organismus und tutunserer Stimmung gut. Die Schlaf Formel von Pure Encapsulations\u00aekombiniert ausgew\u00e4hlte Mikron\u00e4hrstoffe mit dem Extrakt dertraditionell bew\u00e4hrten Melisse, die aufgrund ihrer entspannendenEigenschaften beim Einschlafen unterst\u00fctzt.Die in der innovativen Formel enthaltenen B-Vitamine sowie derMineralstoff Magnesium sind wichtig f\u00fcr starke Nerven und einegesunde Psyche. Melissen-Extrakt hat einen entspannenden Effektund hilft beim [&hellip;]<\/p>\n","protected":false},"featured_media":38024,"template":"","meta":{"_acf_changed":false},"product_brand":[1033],"product_cat":[302],"product_tag":[],"class_list":{"0":"post-38022","1":"product","2":"type-product","3":"status-publish","4":"has-post-thumbnail","6":"product_brand-pure-encapsulations","7":"product_cat-p","8":"pa_packungsgroesse-60-stueck","10":"first","11":"instock","12":"shipping-taxable","13":"purchasable","14":"product-type-simple"},"acf":[],"_links":{"self":[{"href":"https:\/\/www.hirtenberg-apotheke.at\/katalog\/wp-json\/wp\/v2\/product\/38022","targetHints":{"allow":["GET"]}}],"collection":[{"href":"https:\/\/www.hirtenberg-apotheke.at\/katalog\/wp-json\/wp\/v2\/product"}],"about":[{"href":"https:\/\/www.hirtenberg-apotheke.at\/katalog\/wp-json\/wp\/v2\/types\/product"}],"wp:featuredmedia":[{"embeddable":true,"href":"https:\/\/www.hirtenberg-apotheke.at\/katalog\/wp-json\/wp\/v2\/media\/38024"}],"wp:attachment":[{"href":"https:\/\/www.hirtenberg-apotheke.at\/katalog\/wp-json\/wp\/v2\/media?parent=38022"}],"wp:term":[{"taxonomy":"product_brand","embeddable":true,"href":"https:\/\/www.hirtenberg-apotheke.at\/katalog\/wp-json\/wp\/v2\/product_brand?post=38022"},{"taxonomy":"product_cat","embeddable":true,"href":"https:\/\/www.hirtenberg-apotheke.at\/katalog\/wp-json\/wp\/v2\/product_cat?post=38022"},{"taxonomy":"product_tag","embeddable":true,"href":"https:\/\/www.hirtenberg-apotheke.at\/katalog\/wp-json\/wp\/v2\/product_tag?post=38022"}],"curies":[{"name":"wp","href":"https:\/\/api.w.org\/{rel}","templated":true}]}}