{"id":38037,"date":"2025-11-26T07:10:32","date_gmt":"2025-11-26T06:10:32","guid":{"rendered":"https:\/\/www.hirtenberg-apotheke.at\/katalog\/produkt\/pure-encapsulations-immun-aktiv-kapseln-60-stk\/"},"modified":"2025-11-26T07:10:43","modified_gmt":"2025-11-26T06:10:43","slug":"pure-encapsulations-immun-aktiv-kapseln-60-stk","status":"publish","type":"product","link":"https:\/\/www.hirtenberg-apotheke.at\/katalog\/produkt\/pure-encapsulations-immun-aktiv-kapseln-60-stk\/","title":{"rendered":"Pure Encapsulations Immun Aktiv Kapseln 60 Stk."},"content":{"rendered":"<p>Vitalstoffe f\u00fcr die Immunfunktion: Ein vitales Immunsystem ist von Bedeutung f\u00fcr die Gesundheit und ein ausgewogener N\u00e4hrstoffhaushalt mit Vitaminen C und D sowie Zink tr\u00e4gt zur normalen Funktion bei. Vitamin C und Zink unterst\u00fctzen die normale Funktion des Immunsystems und tragen dazu bei, die Zellen vor oxidativem Stress zu sch\u00fctzen. Vitamin D3, auch als &#8222;Sonnenvitamin&#8220; bezeichnet, f\u00f6rdert die Aktivierung der Immunzellen und tr\u00e4gt so zur normalen Funktion des Immunsystems bei. Stark preisgesenkt bestellen!<\/p>\n","protected":false},"excerpt":{"rendered":"<p>Vitalstoffe f\u00fcr die Immunfunktion: Ein vitales Immunsystem ist von Bedeutung f\u00fcr die Gesundheit und ein ausgewogener N\u00e4hrstoffhaushalt mit Vitaminen C und D sowie Zink tr\u00e4gt zur normalen Funktion bei. Vitamin C und Zink unterst\u00fctzen die normale Funktion des Immunsystems und tragen dazu bei, die Zellen vor oxidativem Stress zu sch\u00fctzen. Vitamin D3, auch als &#8222;Sonnenvitamin&#8220; [&hellip;]<\/p>\n","protected":false},"featured_media":38039,"template":"","meta":{"_acf_changed":false},"product_brand":[1033],"product_cat":[302],"product_tag":[],"class_list":{"0":"post-38037","1":"product","2":"type-product","3":"status-publish","4":"has-post-thumbnail","6":"product_brand-pure-encapsulations","7":"product_cat-p","8":"pa_packungsgroesse-60-stueck","10":"first","11":"instock","12":"shipping-taxable","13":"purchasable","14":"product-type-simple"},"acf":[],"_links":{"self":[{"href":"https:\/\/www.hirtenberg-apotheke.at\/katalog\/wp-json\/wp\/v2\/product\/38037","targetHints":{"allow":["GET"]}}],"collection":[{"href":"https:\/\/www.hirtenberg-apotheke.at\/katalog\/wp-json\/wp\/v2\/product"}],"about":[{"href":"https:\/\/www.hirtenberg-apotheke.at\/katalog\/wp-json\/wp\/v2\/types\/product"}],"wp:featuredmedia":[{"embeddable":true,"href":"https:\/\/www.hirtenberg-apotheke.at\/katalog\/wp-json\/wp\/v2\/media\/38039"}],"wp:attachment":[{"href":"https:\/\/www.hirtenberg-apotheke.at\/katalog\/wp-json\/wp\/v2\/media?parent=38037"}],"wp:term":[{"taxonomy":"product_brand","embeddable":true,"href":"https:\/\/www.hirtenberg-apotheke.at\/katalog\/wp-json\/wp\/v2\/product_brand?post=38037"},{"taxonomy":"product_cat","embeddable":true,"href":"https:\/\/www.hirtenberg-apotheke.at\/katalog\/wp-json\/wp\/v2\/product_cat?post=38037"},{"taxonomy":"product_tag","embeddable":true,"href":"https:\/\/www.hirtenberg-apotheke.at\/katalog\/wp-json\/wp\/v2\/product_tag?post=38037"}],"curies":[{"name":"wp","href":"https:\/\/api.w.org\/{rel}","templated":true}]}}