{"id":38070,"date":"2025-11-26T07:10:50","date_gmt":"2025-11-26T06:10:50","guid":{"rendered":"https:\/\/www.hirtenberg-apotheke.at\/katalog\/produkt\/verla-zink-c-granulat-himbeer-20-stk\/"},"modified":"2025-11-26T07:11:16","modified_gmt":"2025-11-26T06:11:16","slug":"verla-zink-c-granulat-himbeer-20-stk","status":"publish","type":"product","link":"https:\/\/www.hirtenberg-apotheke.at\/katalog\/produkt\/verla-zink-c-granulat-himbeer-20-stk\/","title":{"rendered":"Verla Zink C Granulat Himbeer 20 Stk."},"content":{"rendered":"<p class=\"MsoNormal\"><b>F\u00fcr eine ausreichendeVersorgung mit Zink<\/b><\/p>\n<p class=\"MsoNormal\">Zink ist lebensnotwendiges Spurenelement, das der K\u00f6rpernicht selbst herstellen kann. Unser Organismus ben\u00f6tigt Zink f\u00fcr eine Vielzahlvon Stoffwechselprozessen. <\/p>\n<p class=\"MsoNormal\">* Ideal kombiniertmit Vitamin C<\/p>\n<p class=\"MsoNormal\">Vitamin C erf\u00fcllt im K\u00f6rper \u00e4hnliche Ausgaben wie Zink. Soist Vitamin C z.B.: f\u00fcr das Immunsystem und f\u00fcr eine gesunde Haut wichtig. <\/p>\n<p class=\"MsoNormal\">* K\u00f6stlicherHimbeergeschmack<\/p>\n<p>*Kann sowohl hei\u00df als auch kalt getrunken werden<\/p>\n","protected":false},"excerpt":{"rendered":"<p>F\u00fcr eine ausreichendeVersorgung mit Zink Zink ist lebensnotwendiges Spurenelement, das der K\u00f6rpernicht selbst herstellen kann. Unser Organismus ben\u00f6tigt Zink f\u00fcr eine Vielzahlvon Stoffwechselprozessen. * Ideal kombiniertmit Vitamin C Vitamin C erf\u00fcllt im K\u00f6rper \u00e4hnliche Ausgaben wie Zink. Soist Vitamin C z.B.: f\u00fcr das Immunsystem und f\u00fcr eine gesunde Haut wichtig. * K\u00f6stlicherHimbeergeschmack *Kann sowohl hei\u00df [&hellip;]<\/p>\n","protected":false},"featured_media":0,"template":"","meta":{"_acf_changed":false},"product_brand":[1032],"product_cat":[300],"product_tag":[],"class_list":{"0":"post-38070","1":"product","2":"type-product","3":"status-publish","5":"product_brand-verla","6":"product_cat-v","7":"pa_geschmack-himbeer","8":"pa_packungsgroesse-20-beutel","10":"first","11":"instock","12":"shipping-taxable","13":"purchasable","14":"product-type-simple"},"acf":[],"_links":{"self":[{"href":"https:\/\/www.hirtenberg-apotheke.at\/katalog\/wp-json\/wp\/v2\/product\/38070","targetHints":{"allow":["GET"]}}],"collection":[{"href":"https:\/\/www.hirtenberg-apotheke.at\/katalog\/wp-json\/wp\/v2\/product"}],"about":[{"href":"https:\/\/www.hirtenberg-apotheke.at\/katalog\/wp-json\/wp\/v2\/types\/product"}],"wp:attachment":[{"href":"https:\/\/www.hirtenberg-apotheke.at\/katalog\/wp-json\/wp\/v2\/media?parent=38070"}],"wp:term":[{"taxonomy":"product_brand","embeddable":true,"href":"https:\/\/www.hirtenberg-apotheke.at\/katalog\/wp-json\/wp\/v2\/product_brand?post=38070"},{"taxonomy":"product_cat","embeddable":true,"href":"https:\/\/www.hirtenberg-apotheke.at\/katalog\/wp-json\/wp\/v2\/product_cat?post=38070"},{"taxonomy":"product_tag","embeddable":true,"href":"https:\/\/www.hirtenberg-apotheke.at\/katalog\/wp-json\/wp\/v2\/product_tag?post=38070"}],"curies":[{"name":"wp","href":"https:\/\/api.w.org\/{rel}","templated":true}]}}