{"id":38098,"date":"2025-11-26T07:11:19","date_gmt":"2025-11-26T06:11:19","guid":{"rendered":"https:\/\/www.hirtenberg-apotheke.at\/katalog\/produkt\/pure-encapsulations-hyaluronsaeure-kapseln-60-stk\/"},"modified":"2025-11-26T07:11:54","modified_gmt":"2025-11-26T06:11:54","slug":"pure-encapsulations-hyaluronsaeure-kapseln-60-stk","status":"publish","type":"product","link":"https:\/\/www.hirtenberg-apotheke.at\/katalog\/produkt\/pure-encapsulations-hyaluronsaeure-kapseln-60-stk\/","title":{"rendered":"Pure Encapsulations Hyalurons\u00e4ure Kapseln 60 Stk."},"content":{"rendered":"<p>Pure Encapsulations Hyalurons\u00e4ure Kapseln &#8211; denn Sch\u00f6nheit kommt von innen!Hyalurons\u00e4ure ist eine k\u00f6rpereigene Substanz und wichtiger Bestandteil des Bindegewebes, sorgt f\u00fcr Elastizit\u00e4t, f\u00f6rdert regenerative Prozesse und reguliert den Wasserhaushalt durch ihre hohe Wasserbindungskapazit\u00e4t. Die Hyalurons\u00e4ure Kapseln von Pure Encapsulations sorgen f\u00fcr eine optimale Hyalurons\u00e4urezufuhr und helfen so F\u00e4ltchen optisch zu korrigieren und die Spannkraft der Haut zu erh\u00f6hen..<\/p>\n","protected":false},"excerpt":{"rendered":"<p>Pure Encapsulations Hyalurons\u00e4ure Kapseln &#8211; denn Sch\u00f6nheit kommt von innen!Hyalurons\u00e4ure ist eine k\u00f6rpereigene Substanz und wichtiger Bestandteil des Bindegewebes, sorgt f\u00fcr Elastizit\u00e4t, f\u00f6rdert regenerative Prozesse und reguliert den Wasserhaushalt durch ihre hohe Wasserbindungskapazit\u00e4t. Die Hyalurons\u00e4ure Kapseln von Pure Encapsulations sorgen f\u00fcr eine optimale Hyalurons\u00e4urezufuhr und helfen so F\u00e4ltchen optisch zu korrigieren und die Spannkraft der [&hellip;]<\/p>\n","protected":false},"featured_media":38100,"template":"","meta":{"_acf_changed":false},"product_brand":[1033],"product_cat":[302],"product_tag":[],"class_list":{"0":"post-38098","1":"product","2":"type-product","3":"status-publish","4":"has-post-thumbnail","6":"product_brand-pure-encapsulations","7":"product_cat-p","8":"pa_packungsgroesse-60-stueck","10":"first","11":"instock","12":"shipping-taxable","13":"purchasable","14":"product-type-simple"},"acf":[],"_links":{"self":[{"href":"https:\/\/www.hirtenberg-apotheke.at\/katalog\/wp-json\/wp\/v2\/product\/38098","targetHints":{"allow":["GET"]}}],"collection":[{"href":"https:\/\/www.hirtenberg-apotheke.at\/katalog\/wp-json\/wp\/v2\/product"}],"about":[{"href":"https:\/\/www.hirtenberg-apotheke.at\/katalog\/wp-json\/wp\/v2\/types\/product"}],"wp:featuredmedia":[{"embeddable":true,"href":"https:\/\/www.hirtenberg-apotheke.at\/katalog\/wp-json\/wp\/v2\/media\/38100"}],"wp:attachment":[{"href":"https:\/\/www.hirtenberg-apotheke.at\/katalog\/wp-json\/wp\/v2\/media?parent=38098"}],"wp:term":[{"taxonomy":"product_brand","embeddable":true,"href":"https:\/\/www.hirtenberg-apotheke.at\/katalog\/wp-json\/wp\/v2\/product_brand?post=38098"},{"taxonomy":"product_cat","embeddable":true,"href":"https:\/\/www.hirtenberg-apotheke.at\/katalog\/wp-json\/wp\/v2\/product_cat?post=38098"},{"taxonomy":"product_tag","embeddable":true,"href":"https:\/\/www.hirtenberg-apotheke.at\/katalog\/wp-json\/wp\/v2\/product_tag?post=38098"}],"curies":[{"name":"wp","href":"https:\/\/api.w.org\/{rel}","templated":true}]}}