{"id":38102,"date":"2025-11-26T07:11:53","date_gmt":"2025-11-26T06:11:53","guid":{"rendered":"https:\/\/www.hirtenberg-apotheke.at\/katalog\/produkt\/ginsana-ginseng-extrakt-g-115-100-mg-kapseln\/"},"modified":"2025-11-26T07:26:43","modified_gmt":"2025-11-26T06:26:43","slug":"ginsana-ginseng-extrakt-g-115-100-mg-kapseln","status":"publish","type":"product","link":"https:\/\/www.hirtenberg-apotheke.at\/katalog\/produkt\/ginsana-ginseng-extrakt-g-115-100-mg-kapseln\/","title":{"rendered":"Ginsana (Ginseng-Extrakt G 115) 100 mg Kapseln"},"content":{"rendered":"<p>Ginsana\u00ae Kapseln sind ein pflanzliches Arzneimittel zur Anwendung bei M\u00fcdigkeit, Abgespanntheit, St\u00f6rungen der Konzentrationsf\u00e4higkeit, Antriebsschw\u00e4che und in der Rekonvaleszenz.Diese Kapseln erhalten Sie in den Packungsgr\u00f6\u00dfen 30 und 60 St\u00fcck.<\/p>\n","protected":false},"excerpt":{"rendered":"<p>Ginsana\u00ae Kapseln sind ein pflanzliches Arzneimittel zur Anwendung bei M\u00fcdigkeit, Abgespanntheit, St\u00f6rungen der Konzentrationsf\u00e4higkeit, Antriebsschw\u00e4che und in der Rekonvaleszenz.Diese Kapseln erhalten Sie in den Packungsgr\u00f6\u00dfen 30 und 60 St\u00fcck.<\/p>\n","protected":false},"featured_media":0,"template":"","meta":{"_acf_changed":false},"product_brand":[],"product_cat":[328],"product_tag":[],"class_list":{"0":"post-38102","1":"product","2":"type-product","3":"status-publish","5":"product_cat-g","6":"pa_packungsgroesse-30-stueck","7":"pa_packungsgroesse-60-stueck","9":"first","10":"instock","11":"shipping-taxable","12":"purchasable","13":"product-type-simple"},"acf":[],"_links":{"self":[{"href":"https:\/\/www.hirtenberg-apotheke.at\/katalog\/wp-json\/wp\/v2\/product\/38102","targetHints":{"allow":["GET"]}}],"collection":[{"href":"https:\/\/www.hirtenberg-apotheke.at\/katalog\/wp-json\/wp\/v2\/product"}],"about":[{"href":"https:\/\/www.hirtenberg-apotheke.at\/katalog\/wp-json\/wp\/v2\/types\/product"}],"wp:attachment":[{"href":"https:\/\/www.hirtenberg-apotheke.at\/katalog\/wp-json\/wp\/v2\/media?parent=38102"}],"wp:term":[{"taxonomy":"product_brand","embeddable":true,"href":"https:\/\/www.hirtenberg-apotheke.at\/katalog\/wp-json\/wp\/v2\/product_brand?post=38102"},{"taxonomy":"product_cat","embeddable":true,"href":"https:\/\/www.hirtenberg-apotheke.at\/katalog\/wp-json\/wp\/v2\/product_cat?post=38102"},{"taxonomy":"product_tag","embeddable":true,"href":"https:\/\/www.hirtenberg-apotheke.at\/katalog\/wp-json\/wp\/v2\/product_tag?post=38102"}],"curies":[{"name":"wp","href":"https:\/\/api.w.org\/{rel}","templated":true}]}}