{"id":38138,"date":"2025-11-26T07:12:28","date_gmt":"2025-11-26T06:12:28","guid":{"rendered":"https:\/\/www.hirtenberg-apotheke.at\/katalog\/produkt\/dr-jacobs-vitamin-d3-k2-oel-20-ml\/"},"modified":"2025-11-26T07:12:51","modified_gmt":"2025-11-26T06:12:51","slug":"dr-jacobs-vitamin-d3-k2-oel-20-ml","status":"publish","type":"product","link":"https:\/\/www.hirtenberg-apotheke.at\/katalog\/produkt\/dr-jacobs-vitamin-d3-k2-oel-20-ml\/","title":{"rendered":"Dr. Jacobs Vitamin D3 K2 \u00d6l 20 ml"},"content":{"rendered":"<p>Dr. Jacob&#8217;s Vitamin D3K2 \u00d6l unterst\u00fctzt durch die Kombination von Vitamin D und Vitamin K wichtige Funktionen des K\u00f6rpers. Vitamin D und Vitamin K werden f\u00fcr die Erhaltung von Knochen und Z\u00e4hnen, die Muskelfunktion und das Immunsystem ben\u00f6tigt.<\/p>\n","protected":false},"excerpt":{"rendered":"<p>Dr. Jacob&#8217;s Vitamin D3K2 \u00d6l unterst\u00fctzt durch die Kombination von Vitamin D und Vitamin K wichtige Funktionen des K\u00f6rpers. Vitamin D und Vitamin K werden f\u00fcr die Erhaltung von Knochen und Z\u00e4hnen, die Muskelfunktion und das Immunsystem ben\u00f6tigt.<\/p>\n","protected":false},"featured_media":38140,"template":"","meta":{"_acf_changed":false},"product_brand":[408],"product_cat":[295],"product_tag":[],"class_list":{"0":"post-38138","1":"product","2":"type-product","3":"status-publish","4":"has-post-thumbnail","6":"product_brand-dr-jacobs","7":"product_cat-d","8":"pa_packungsgroesse-20ml","10":"first","11":"instock","12":"shipping-taxable","13":"purchasable","14":"product-type-simple"},"acf":[],"_links":{"self":[{"href":"https:\/\/www.hirtenberg-apotheke.at\/katalog\/wp-json\/wp\/v2\/product\/38138","targetHints":{"allow":["GET"]}}],"collection":[{"href":"https:\/\/www.hirtenberg-apotheke.at\/katalog\/wp-json\/wp\/v2\/product"}],"about":[{"href":"https:\/\/www.hirtenberg-apotheke.at\/katalog\/wp-json\/wp\/v2\/types\/product"}],"wp:featuredmedia":[{"embeddable":true,"href":"https:\/\/www.hirtenberg-apotheke.at\/katalog\/wp-json\/wp\/v2\/media\/38140"}],"wp:attachment":[{"href":"https:\/\/www.hirtenberg-apotheke.at\/katalog\/wp-json\/wp\/v2\/media?parent=38138"}],"wp:term":[{"taxonomy":"product_brand","embeddable":true,"href":"https:\/\/www.hirtenberg-apotheke.at\/katalog\/wp-json\/wp\/v2\/product_brand?post=38138"},{"taxonomy":"product_cat","embeddable":true,"href":"https:\/\/www.hirtenberg-apotheke.at\/katalog\/wp-json\/wp\/v2\/product_cat?post=38138"},{"taxonomy":"product_tag","embeddable":true,"href":"https:\/\/www.hirtenberg-apotheke.at\/katalog\/wp-json\/wp\/v2\/product_tag?post=38138"}],"curies":[{"name":"wp","href":"https:\/\/api.w.org\/{rel}","templated":true}]}}