{"id":38206,"date":"2025-11-26T07:13:47","date_gmt":"2025-11-26T06:13:47","guid":{"rendered":"https:\/\/www.hirtenberg-apotheke.at\/katalog\/produkt\/pure-encapsulations-vitamin-c-400-gepuffert-180-stk\/"},"modified":"2025-11-26T07:14:02","modified_gmt":"2025-11-26T06:14:02","slug":"pure-encapsulations-vitamin-c-400-gepuffert-180-stk","status":"publish","type":"product","link":"https:\/\/www.hirtenberg-apotheke.at\/katalog\/produkt\/pure-encapsulations-vitamin-c-400-gepuffert-180-stk\/","title":{"rendered":"Pure Encapsulations Vitamin C 400 gepuffert 180 Stk."},"content":{"rendered":"<p>Vitamin C ist wohl einer der bekanntesten N\u00e4hrstoffe. Das wasserl\u00f6slicheVitamin wird im K\u00f6rper permanent verbraucht und mussdaher st\u00e4ndig zugef\u00fchrt werden. Vitamin C tr\u00e4gt zu einer normalenFunktion des Immunsystems bei, f\u00e4ngt freie Radikale ab und ist\u00fcber eine normale Kollagenbildung auch f\u00fcr das Bindegewebewichtig. Vitamin C als Ascorbins\u00e4ure wird bei empfindlicher Verdauungunter Umst\u00e4nden schlecht vertragen. Gepuffertes Vitamin C weisteinen ann\u00e4hernd neutralen pH-Wert auf und stellt so keine S\u00e4urebelastungf\u00fcr den Magen dar.<\/p>\n","protected":false},"excerpt":{"rendered":"<p>Vitamin C ist wohl einer der bekanntesten N\u00e4hrstoffe. Das wasserl\u00f6slicheVitamin wird im K\u00f6rper permanent verbraucht und mussdaher st\u00e4ndig zugef\u00fchrt werden. Vitamin C tr\u00e4gt zu einer normalenFunktion des Immunsystems bei, f\u00e4ngt freie Radikale ab und ist\u00fcber eine normale Kollagenbildung auch f\u00fcr das Bindegewebewichtig. Vitamin C als Ascorbins\u00e4ure wird bei empfindlicher Verdauungunter Umst\u00e4nden schlecht vertragen. Gepuffertes Vitamin [&hellip;]<\/p>\n","protected":false},"featured_media":38208,"template":"","meta":{"_acf_changed":false},"product_brand":[1033],"product_cat":[302],"product_tag":[],"class_list":{"0":"post-38206","1":"product","2":"type-product","3":"status-publish","4":"has-post-thumbnail","6":"product_brand-pure-encapsulations","7":"product_cat-p","8":"pa_packungsgroesse-180-stueck","10":"first","11":"instock","12":"shipping-taxable","13":"purchasable","14":"product-type-simple"},"acf":[],"_links":{"self":[{"href":"https:\/\/www.hirtenberg-apotheke.at\/katalog\/wp-json\/wp\/v2\/product\/38206","targetHints":{"allow":["GET"]}}],"collection":[{"href":"https:\/\/www.hirtenberg-apotheke.at\/katalog\/wp-json\/wp\/v2\/product"}],"about":[{"href":"https:\/\/www.hirtenberg-apotheke.at\/katalog\/wp-json\/wp\/v2\/types\/product"}],"wp:featuredmedia":[{"embeddable":true,"href":"https:\/\/www.hirtenberg-apotheke.at\/katalog\/wp-json\/wp\/v2\/media\/38208"}],"wp:attachment":[{"href":"https:\/\/www.hirtenberg-apotheke.at\/katalog\/wp-json\/wp\/v2\/media?parent=38206"}],"wp:term":[{"taxonomy":"product_brand","embeddable":true,"href":"https:\/\/www.hirtenberg-apotheke.at\/katalog\/wp-json\/wp\/v2\/product_brand?post=38206"},{"taxonomy":"product_cat","embeddable":true,"href":"https:\/\/www.hirtenberg-apotheke.at\/katalog\/wp-json\/wp\/v2\/product_cat?post=38206"},{"taxonomy":"product_tag","embeddable":true,"href":"https:\/\/www.hirtenberg-apotheke.at\/katalog\/wp-json\/wp\/v2\/product_tag?post=38206"}],"curies":[{"name":"wp","href":"https:\/\/api.w.org\/{rel}","templated":true}]}}