{"id":38263,"date":"2025-11-26T07:14:44","date_gmt":"2025-11-26T06:14:44","guid":{"rendered":"https:\/\/www.hirtenberg-apotheke.at\/katalog\/produkt\/pure-encapsulations-zink-citrat-60-stk\/"},"modified":"2025-11-26T07:15:10","modified_gmt":"2025-11-26T06:15:10","slug":"pure-encapsulations-zink-citrat-60-stk","status":"publish","type":"product","link":"https:\/\/www.hirtenberg-apotheke.at\/katalog\/produkt\/pure-encapsulations-zink-citrat-60-stk\/","title":{"rendered":"Pure Encapsulations Zink Citrat 60 Stk."},"content":{"rendered":"<p>Zink ist neben Eisen das zweith\u00e4ufigste Spurenelement im menschlichen Organismus und wird von mehr als 300 Enzymsystemen in den K\u00f6rperzellen f\u00fcr zahlreiche biochemische Vorg\u00e4nge ben\u00f6tigt. Zink kommt im K\u00f6rper vor allem in den Haaren, den Muskeln, den Knochen, den Hoden und Eierst\u00f6cken sowie in den Inselzellen der Bauchspeicheldr\u00fcse vor. Ein erh\u00f6hter Bedarf kann zum Beispiel bei Rauchern und Vegetariern sowie bei Personen, die starken Schadstoffbelastungen ausgesetzt sind, auftreten. Gebunden an die Zitronens\u00e4ure wird Zinkcitrat sehr gut resorbiert und kann als zus\u00e4tzlicher Bestandteil einer ausgewogenen Ern\u00e4hrungzu einer nachhaltigen Mikron\u00e4hrstoffversorgung beitragen.<\/p>\n","protected":false},"excerpt":{"rendered":"<p>Zink ist neben Eisen das zweith\u00e4ufigste Spurenelement im menschlichen Organismus und wird von mehr als 300 Enzymsystemen in den K\u00f6rperzellen f\u00fcr zahlreiche biochemische Vorg\u00e4nge ben\u00f6tigt. Zink kommt im K\u00f6rper vor allem in den Haaren, den Muskeln, den Knochen, den Hoden und Eierst\u00f6cken sowie in den Inselzellen der Bauchspeicheldr\u00fcse vor. Ein erh\u00f6hter Bedarf kann zum Beispiel [&hellip;]<\/p>\n","protected":false},"featured_media":38265,"template":"","meta":{"_acf_changed":false},"product_brand":[1033],"product_cat":[302],"product_tag":[],"class_list":{"0":"post-38263","1":"product","2":"type-product","3":"status-publish","4":"has-post-thumbnail","6":"product_brand-pure-encapsulations","7":"product_cat-p","8":"pa_packungsgroesse-60-stueck","10":"first","11":"instock","12":"shipping-taxable","13":"purchasable","14":"product-type-simple"},"acf":[],"_links":{"self":[{"href":"https:\/\/www.hirtenberg-apotheke.at\/katalog\/wp-json\/wp\/v2\/product\/38263","targetHints":{"allow":["GET"]}}],"collection":[{"href":"https:\/\/www.hirtenberg-apotheke.at\/katalog\/wp-json\/wp\/v2\/product"}],"about":[{"href":"https:\/\/www.hirtenberg-apotheke.at\/katalog\/wp-json\/wp\/v2\/types\/product"}],"wp:featuredmedia":[{"embeddable":true,"href":"https:\/\/www.hirtenberg-apotheke.at\/katalog\/wp-json\/wp\/v2\/media\/38265"}],"wp:attachment":[{"href":"https:\/\/www.hirtenberg-apotheke.at\/katalog\/wp-json\/wp\/v2\/media?parent=38263"}],"wp:term":[{"taxonomy":"product_brand","embeddable":true,"href":"https:\/\/www.hirtenberg-apotheke.at\/katalog\/wp-json\/wp\/v2\/product_brand?post=38263"},{"taxonomy":"product_cat","embeddable":true,"href":"https:\/\/www.hirtenberg-apotheke.at\/katalog\/wp-json\/wp\/v2\/product_cat?post=38263"},{"taxonomy":"product_tag","embeddable":true,"href":"https:\/\/www.hirtenberg-apotheke.at\/katalog\/wp-json\/wp\/v2\/product_tag?post=38263"}],"curies":[{"name":"wp","href":"https:\/\/api.w.org\/{rel}","templated":true}]}}