{"id":38272,"date":"2025-11-26T07:15:18","date_gmt":"2025-11-26T06:15:18","guid":{"rendered":"https:\/\/www.hirtenberg-apotheke.at\/katalog\/produkt\/oekopharm-zink-kapseln\/"},"modified":"2025-11-26T07:15:30","modified_gmt":"2025-11-26T06:15:30","slug":"oekopharm-zink-kapseln","status":"publish","type":"product","link":"https:\/\/www.hirtenberg-apotheke.at\/katalog\/produkt\/oekopharm-zink-kapseln\/","title":{"rendered":"\u00d6kopharm Zink Kapseln"},"content":{"rendered":"<p>\u00d6komed Zink Complex Kapseln ist ein Nahrungserg\u00e4nzungsmittel mit organischem Zink und Kupfer, nat\u00fcrlichem Beta-Carotin und Phyto-Panmol\u00ae-Carotinoiden<\/p>\n","protected":false},"excerpt":{"rendered":"<p>\u00d6komed Zink Complex Kapseln ist ein Nahrungserg\u00e4nzungsmittel mit organischem Zink und Kupfer, nat\u00fcrlichem Beta-Carotin und Phyto-Panmol\u00ae-Carotinoiden<\/p>\n","protected":false},"featured_media":38274,"template":"","meta":{"_acf_changed":false},"product_brand":[342],"product_cat":[299],"product_tag":[],"class_list":{"0":"post-38272","1":"product","2":"type-product","3":"status-publish","4":"has-post-thumbnail","6":"product_brand-oekopharm","7":"product_cat-a","8":"pa_packungsgroesse-30-stueck","10":"first","11":"instock","12":"shipping-taxable","13":"purchasable","14":"product-type-simple"},"acf":[],"_links":{"self":[{"href":"https:\/\/www.hirtenberg-apotheke.at\/katalog\/wp-json\/wp\/v2\/product\/38272","targetHints":{"allow":["GET"]}}],"collection":[{"href":"https:\/\/www.hirtenberg-apotheke.at\/katalog\/wp-json\/wp\/v2\/product"}],"about":[{"href":"https:\/\/www.hirtenberg-apotheke.at\/katalog\/wp-json\/wp\/v2\/types\/product"}],"wp:featuredmedia":[{"embeddable":true,"href":"https:\/\/www.hirtenberg-apotheke.at\/katalog\/wp-json\/wp\/v2\/media\/38274"}],"wp:attachment":[{"href":"https:\/\/www.hirtenberg-apotheke.at\/katalog\/wp-json\/wp\/v2\/media?parent=38272"}],"wp:term":[{"taxonomy":"product_brand","embeddable":true,"href":"https:\/\/www.hirtenberg-apotheke.at\/katalog\/wp-json\/wp\/v2\/product_brand?post=38272"},{"taxonomy":"product_cat","embeddable":true,"href":"https:\/\/www.hirtenberg-apotheke.at\/katalog\/wp-json\/wp\/v2\/product_cat?post=38272"},{"taxonomy":"product_tag","embeddable":true,"href":"https:\/\/www.hirtenberg-apotheke.at\/katalog\/wp-json\/wp\/v2\/product_tag?post=38272"}],"curies":[{"name":"wp","href":"https:\/\/api.w.org\/{rel}","templated":true}]}}