{"id":38325,"date":"2025-11-26T07:16:05","date_gmt":"2025-11-26T06:16:05","guid":{"rendered":"https:\/\/www.hirtenberg-apotheke.at\/katalog\/produkt\/pure-encapsulations-vitamin-e-90-stk\/"},"modified":"2025-11-26T07:35:03","modified_gmt":"2025-11-26T06:35:03","slug":"pure-encapsulations-vitamin-e-90-stk","status":"publish","type":"product","link":"https:\/\/www.hirtenberg-apotheke.at\/katalog\/produkt\/pure-encapsulations-vitamin-e-90-stk\/","title":{"rendered":"Pure Encapsulations Vitamin E 90 Stk."},"content":{"rendered":"<p>Pflanzliches Vitamin E besteht zu einem gro\u00dfen Teil aus den biologischaktiven Tocopherolen D-alpha-, beta- und gamma-Tocopherol.Es leistet einen Beitrag zum Schutz der Zellen (z.B. DNA, Proteine,Lipide) vor oxidativen Angriffen durch freie Radikale.Pure Encapsulations\u00ae Vitamin E basiert auf hochwertigen, naturidentenReinsubstanzen. H\u00f6chstm\u00f6gliche Qualit\u00e4tsstandards garantieren,dass die verwendeten Inhaltsstoffe maximal vertr\u00e4glich sindund eine optimale Bioverf\u00fcgbarkeit aufweisen. Vitamin E von PureEncapsulations\u00ae ist auf 400 I.E. D-alpha-Tocopherol pro Kapselstandardisiert.<\/p>\n","protected":false},"excerpt":{"rendered":"<p>Pflanzliches Vitamin E besteht zu einem gro\u00dfen Teil aus den biologischaktiven Tocopherolen D-alpha-, beta- und gamma-Tocopherol.Es leistet einen Beitrag zum Schutz der Zellen (z.B. DNA, Proteine,Lipide) vor oxidativen Angriffen durch freie Radikale.Pure Encapsulations\u00ae Vitamin E basiert auf hochwertigen, naturidentenReinsubstanzen. H\u00f6chstm\u00f6gliche Qualit\u00e4tsstandards garantieren,dass die verwendeten Inhaltsstoffe maximal vertr\u00e4glich sindund eine optimale Bioverf\u00fcgbarkeit aufweisen. Vitamin E von [&hellip;]<\/p>\n","protected":false},"featured_media":38327,"template":"","meta":{"_acf_changed":false},"product_brand":[1033],"product_cat":[302],"product_tag":[],"class_list":{"0":"post-38325","1":"product","2":"type-product","3":"status-publish","4":"has-post-thumbnail","6":"product_brand-pure-encapsulations","7":"product_cat-p","8":"pa_packungsgroesse-180-stueck","9":"pa_packungsgroesse-90-stueck","11":"first","12":"instock","13":"shipping-taxable","14":"purchasable","15":"product-type-simple"},"acf":[],"_links":{"self":[{"href":"https:\/\/www.hirtenberg-apotheke.at\/katalog\/wp-json\/wp\/v2\/product\/38325","targetHints":{"allow":["GET"]}}],"collection":[{"href":"https:\/\/www.hirtenberg-apotheke.at\/katalog\/wp-json\/wp\/v2\/product"}],"about":[{"href":"https:\/\/www.hirtenberg-apotheke.at\/katalog\/wp-json\/wp\/v2\/types\/product"}],"wp:featuredmedia":[{"embeddable":true,"href":"https:\/\/www.hirtenberg-apotheke.at\/katalog\/wp-json\/wp\/v2\/media\/38327"}],"wp:attachment":[{"href":"https:\/\/www.hirtenberg-apotheke.at\/katalog\/wp-json\/wp\/v2\/media?parent=38325"}],"wp:term":[{"taxonomy":"product_brand","embeddable":true,"href":"https:\/\/www.hirtenberg-apotheke.at\/katalog\/wp-json\/wp\/v2\/product_brand?post=38325"},{"taxonomy":"product_cat","embeddable":true,"href":"https:\/\/www.hirtenberg-apotheke.at\/katalog\/wp-json\/wp\/v2\/product_cat?post=38325"},{"taxonomy":"product_tag","embeddable":true,"href":"https:\/\/www.hirtenberg-apotheke.at\/katalog\/wp-json\/wp\/v2\/product_tag?post=38325"}],"curies":[{"name":"wp","href":"https:\/\/api.w.org\/{rel}","templated":true}]}}