{"id":38329,"date":"2025-11-26T07:16:05","date_gmt":"2025-11-26T06:16:05","guid":{"rendered":"https:\/\/www.hirtenberg-apotheke.at\/katalog\/produkt\/pure-encapsulations-kupfer-citrat-60-stk\/"},"modified":"2025-11-26T07:16:27","modified_gmt":"2025-11-26T06:16:27","slug":"pure-encapsulations-kupfer-citrat-60-stk","status":"publish","type":"product","link":"https:\/\/www.hirtenberg-apotheke.at\/katalog\/produkt\/pure-encapsulations-kupfer-citrat-60-stk\/","title":{"rendered":"Pure Encapsulations Kupfer Citrat 60 Stk."},"content":{"rendered":"<p>Das Spurenelement Kupfer ist f\u00fcr biologische Systeme essentiellund wird vor allem in den Knochen, der Muskulatur und der Lebergespeichert. Es ist Bestandteil von zahlreichen Enzymen. Kupfercitratist eine gut bioverf\u00fcgbare Form und f\u00fcr einen effektivenAusgleich bestens geeignet. Ein Kupfermangel kann die zellul\u00e4reEnergiebereitstellung, Sauerstoff-Verwertung und den Zellstoffwechsel(Bindegewebe) beeintr\u00e4chtigen. Die Labordiagnostik zeigt bei Infektionen, Stress oder Entz\u00fcndungenh\u00e4ufig hohe Kupferspiegel im Serum, obwohl intrazellul\u00e4r einMangel vorliegt. Bei l\u00e4ngerfristiger Zufuhr von Zink sollte auf eineausreichende Versorgung mit Kupfer geachtet werden.<\/p>\n","protected":false},"excerpt":{"rendered":"<p>Das Spurenelement Kupfer ist f\u00fcr biologische Systeme essentiellund wird vor allem in den Knochen, der Muskulatur und der Lebergespeichert. Es ist Bestandteil von zahlreichen Enzymen. Kupfercitratist eine gut bioverf\u00fcgbare Form und f\u00fcr einen effektivenAusgleich bestens geeignet. Ein Kupfermangel kann die zellul\u00e4reEnergiebereitstellung, Sauerstoff-Verwertung und den Zellstoffwechsel(Bindegewebe) beeintr\u00e4chtigen. Die Labordiagnostik zeigt bei Infektionen, Stress oder Entz\u00fcndungenh\u00e4ufig hohe [&hellip;]<\/p>\n","protected":false},"featured_media":38331,"template":"","meta":{"_acf_changed":false},"product_brand":[1033],"product_cat":[302],"product_tag":[],"class_list":{"0":"post-38329","1":"product","2":"type-product","3":"status-publish","4":"has-post-thumbnail","6":"product_brand-pure-encapsulations","7":"product_cat-p","8":"pa_packungsgroesse-60-stueck","10":"first","11":"instock","12":"shipping-taxable","13":"purchasable","14":"product-type-simple"},"acf":[],"_links":{"self":[{"href":"https:\/\/www.hirtenberg-apotheke.at\/katalog\/wp-json\/wp\/v2\/product\/38329","targetHints":{"allow":["GET"]}}],"collection":[{"href":"https:\/\/www.hirtenberg-apotheke.at\/katalog\/wp-json\/wp\/v2\/product"}],"about":[{"href":"https:\/\/www.hirtenberg-apotheke.at\/katalog\/wp-json\/wp\/v2\/types\/product"}],"wp:featuredmedia":[{"embeddable":true,"href":"https:\/\/www.hirtenberg-apotheke.at\/katalog\/wp-json\/wp\/v2\/media\/38331"}],"wp:attachment":[{"href":"https:\/\/www.hirtenberg-apotheke.at\/katalog\/wp-json\/wp\/v2\/media?parent=38329"}],"wp:term":[{"taxonomy":"product_brand","embeddable":true,"href":"https:\/\/www.hirtenberg-apotheke.at\/katalog\/wp-json\/wp\/v2\/product_brand?post=38329"},{"taxonomy":"product_cat","embeddable":true,"href":"https:\/\/www.hirtenberg-apotheke.at\/katalog\/wp-json\/wp\/v2\/product_cat?post=38329"},{"taxonomy":"product_tag","embeddable":true,"href":"https:\/\/www.hirtenberg-apotheke.at\/katalog\/wp-json\/wp\/v2\/product_tag?post=38329"}],"curies":[{"name":"wp","href":"https:\/\/api.w.org\/{rel}","templated":true}]}}