{"id":38344,"date":"2025-11-26T07:16:26","date_gmt":"2025-11-26T06:16:26","guid":{"rendered":"https:\/\/www.hirtenberg-apotheke.at\/katalog\/produkt\/pure-encapsulations-kalium-citrat-90-stk\/"},"modified":"2025-11-26T07:16:46","modified_gmt":"2025-11-26T06:16:46","slug":"pure-encapsulations-kalium-citrat-90-stk","status":"publish","type":"product","link":"https:\/\/www.hirtenberg-apotheke.at\/katalog\/produkt\/pure-encapsulations-kalium-citrat-90-stk\/","title":{"rendered":"Pure Encapsulations Kalium Citrat 90 Stk."},"content":{"rendered":"<p>Kalium, ein Elektrolyt, ist f\u00fcr die Zellfunktion essentiell, da es f\u00fcr denFl\u00fcssigkeitsgehalt (osmotischen Druck) in der Zelle verantwortlichist. Zusammen mit Natrium h\u00e4lt der Mineralstoff das Konzentrationsgef\u00e4llean der Zellwand aufrecht (Natrium-Kalium-Pumpe).Durch die dabei entstehende elektrische Spannung wird die \u00dcbertragungvon elektrischen Impulsen an Nerven- und Muskelzellenerm\u00f6glicht.<\/p>\n","protected":false},"excerpt":{"rendered":"<p>Kalium, ein Elektrolyt, ist f\u00fcr die Zellfunktion essentiell, da es f\u00fcr denFl\u00fcssigkeitsgehalt (osmotischen Druck) in der Zelle verantwortlichist. Zusammen mit Natrium h\u00e4lt der Mineralstoff das Konzentrationsgef\u00e4llean der Zellwand aufrecht (Natrium-Kalium-Pumpe).Durch die dabei entstehende elektrische Spannung wird die \u00dcbertragungvon elektrischen Impulsen an Nerven- und Muskelzellenerm\u00f6glicht.<\/p>\n","protected":false},"featured_media":38346,"template":"","meta":{"_acf_changed":false},"product_brand":[1033],"product_cat":[302],"product_tag":[],"class_list":{"0":"post-38344","1":"product","2":"type-product","3":"status-publish","4":"has-post-thumbnail","6":"product_brand-pure-encapsulations","7":"product_cat-p","8":"pa_packungsgroesse-90-stueck","10":"first","11":"instock","12":"shipping-taxable","13":"purchasable","14":"product-type-simple"},"acf":[],"_links":{"self":[{"href":"https:\/\/www.hirtenberg-apotheke.at\/katalog\/wp-json\/wp\/v2\/product\/38344","targetHints":{"allow":["GET"]}}],"collection":[{"href":"https:\/\/www.hirtenberg-apotheke.at\/katalog\/wp-json\/wp\/v2\/product"}],"about":[{"href":"https:\/\/www.hirtenberg-apotheke.at\/katalog\/wp-json\/wp\/v2\/types\/product"}],"wp:featuredmedia":[{"embeddable":true,"href":"https:\/\/www.hirtenberg-apotheke.at\/katalog\/wp-json\/wp\/v2\/media\/38346"}],"wp:attachment":[{"href":"https:\/\/www.hirtenberg-apotheke.at\/katalog\/wp-json\/wp\/v2\/media?parent=38344"}],"wp:term":[{"taxonomy":"product_brand","embeddable":true,"href":"https:\/\/www.hirtenberg-apotheke.at\/katalog\/wp-json\/wp\/v2\/product_brand?post=38344"},{"taxonomy":"product_cat","embeddable":true,"href":"https:\/\/www.hirtenberg-apotheke.at\/katalog\/wp-json\/wp\/v2\/product_cat?post=38344"},{"taxonomy":"product_tag","embeddable":true,"href":"https:\/\/www.hirtenberg-apotheke.at\/katalog\/wp-json\/wp\/v2\/product_tag?post=38344"}],"curies":[{"name":"wp","href":"https:\/\/api.w.org\/{rel}","templated":true}]}}