{"id":38348,"date":"2025-11-26T07:16:26","date_gmt":"2025-11-26T06:16:26","guid":{"rendered":"https:\/\/www.hirtenberg-apotheke.at\/katalog\/produkt\/pure-encapsulations-vitamin-b6-90-stk\/"},"modified":"2025-11-26T07:37:38","modified_gmt":"2025-11-26T06:37:38","slug":"pure-encapsulations-vitamin-b6-90-stk","status":"publish","type":"product","link":"https:\/\/www.hirtenberg-apotheke.at\/katalog\/produkt\/pure-encapsulations-vitamin-b6-90-stk\/","title":{"rendered":"Pure Encapsulations Vitamin B6 90 Stk."},"content":{"rendered":"<p>Pyridoxal-5-Phosphat (P-5-P) ist die bereits aktivierte Form vonVitamin B6 und kommt in dieser Form auch in der Natur vor. Daswasserl\u00f6sliche B-Vitamin ist an \u00fcber 100 enzymatischen Reaktionen,vor allem am Aminos\u00e4uren- und Proteinstoffwechsel, beteiligt.Als Intermedi\u00e4r kann P-5-P vor allem die Neurotransmittersyntheseunterst\u00fctzen und dadurch f\u00fcr ein emotionales Gleichgewichtsorgen. Zudem beeinflusst aktiviertes Vitamin B6 die Funktion vonNerven- und Immunsystem positiv.<\/p>\n","protected":false},"excerpt":{"rendered":"<p>Pyridoxal-5-Phosphat (P-5-P) ist die bereits aktivierte Form vonVitamin B6 und kommt in dieser Form auch in der Natur vor. Daswasserl\u00f6sliche B-Vitamin ist an \u00fcber 100 enzymatischen Reaktionen,vor allem am Aminos\u00e4uren- und Proteinstoffwechsel, beteiligt.Als Intermedi\u00e4r kann P-5-P vor allem die Neurotransmittersyntheseunterst\u00fctzen und dadurch f\u00fcr ein emotionales Gleichgewichtsorgen. Zudem beeinflusst aktiviertes Vitamin B6 die Funktion vonNerven- und [&hellip;]<\/p>\n","protected":false},"featured_media":38350,"template":"","meta":{"_acf_changed":false},"product_brand":[1033],"product_cat":[302],"product_tag":[],"class_list":{"0":"post-38348","1":"product","2":"type-product","3":"status-publish","4":"has-post-thumbnail","6":"product_brand-pure-encapsulations","7":"product_cat-p","8":"pa_packungsgroesse-180-stueck","9":"pa_packungsgroesse-90-stueck","11":"first","12":"instock","13":"shipping-taxable","14":"purchasable","15":"product-type-simple"},"acf":[],"_links":{"self":[{"href":"https:\/\/www.hirtenberg-apotheke.at\/katalog\/wp-json\/wp\/v2\/product\/38348","targetHints":{"allow":["GET"]}}],"collection":[{"href":"https:\/\/www.hirtenberg-apotheke.at\/katalog\/wp-json\/wp\/v2\/product"}],"about":[{"href":"https:\/\/www.hirtenberg-apotheke.at\/katalog\/wp-json\/wp\/v2\/types\/product"}],"wp:featuredmedia":[{"embeddable":true,"href":"https:\/\/www.hirtenberg-apotheke.at\/katalog\/wp-json\/wp\/v2\/media\/38350"}],"wp:attachment":[{"href":"https:\/\/www.hirtenberg-apotheke.at\/katalog\/wp-json\/wp\/v2\/media?parent=38348"}],"wp:term":[{"taxonomy":"product_brand","embeddable":true,"href":"https:\/\/www.hirtenberg-apotheke.at\/katalog\/wp-json\/wp\/v2\/product_brand?post=38348"},{"taxonomy":"product_cat","embeddable":true,"href":"https:\/\/www.hirtenberg-apotheke.at\/katalog\/wp-json\/wp\/v2\/product_cat?post=38348"},{"taxonomy":"product_tag","embeddable":true,"href":"https:\/\/www.hirtenberg-apotheke.at\/katalog\/wp-json\/wp\/v2\/product_tag?post=38348"}],"curies":[{"name":"wp","href":"https:\/\/api.w.org\/{rel}","templated":true}]}}