{"id":38361,"date":"2025-11-26T07:16:53","date_gmt":"2025-11-26T06:16:53","guid":{"rendered":"https:\/\/www.hirtenberg-apotheke.at\/katalog\/produkt\/pure-encapsulations-folsaeure-kapseln-60-stk\/"},"modified":"2025-11-26T07:17:04","modified_gmt":"2025-11-26T06:17:04","slug":"pure-encapsulations-folsaeure-kapseln-60-stk","status":"publish","type":"product","link":"https:\/\/www.hirtenberg-apotheke.at\/katalog\/produkt\/pure-encapsulations-folsaeure-kapseln-60-stk\/","title":{"rendered":"Pure Encapsulations Fols\u00e4ure Kapseln 60 Stk."},"content":{"rendered":"<p>Die Fols\u00e4ure geh\u00f6rt zu den B-Vitaminen und ist vorwiegend inVollkornprodukten und gr\u00fcnem Blattgem\u00fcse enthalten. Daswasserl\u00f6sliche Vitamin ist sehr hitzeempfindlich, wodurch es beimKochen leicht zerst\u00f6rt werden kann. Auch intensive Sonnenexposition(z.B. Solarium) kann das Fols\u00e4ure-Vorkommen im K\u00f6rper reduzieren.Fols\u00e4ure spielt eine Rolle beim Umbau von Homocystein inMethionin. Besonders w\u00e4hrend der Schwangerschaft und Stillzeitbesteht ein erh\u00f6hter Bedarf und dieser sollte unbedingt \u00fcber eineausreichende Zufuhr ausgeglichen werden, da Fols\u00e4ure an der Zellteilungund Entwicklung des F\u00f6tus w\u00e4hrend der Schwangerschaftbeteiligt ist.<\/p>\n","protected":false},"excerpt":{"rendered":"<p>Die Fols\u00e4ure geh\u00f6rt zu den B-Vitaminen und ist vorwiegend inVollkornprodukten und gr\u00fcnem Blattgem\u00fcse enthalten. Daswasserl\u00f6sliche Vitamin ist sehr hitzeempfindlich, wodurch es beimKochen leicht zerst\u00f6rt werden kann. Auch intensive Sonnenexposition(z.B. Solarium) kann das Fols\u00e4ure-Vorkommen im K\u00f6rper reduzieren.Fols\u00e4ure spielt eine Rolle beim Umbau von Homocystein inMethionin. Besonders w\u00e4hrend der Schwangerschaft und Stillzeitbesteht ein erh\u00f6hter Bedarf und dieser [&hellip;]<\/p>\n","protected":false},"featured_media":38363,"template":"","meta":{"_acf_changed":false},"product_brand":[1033],"product_cat":[302],"product_tag":[],"class_list":{"0":"post-38361","1":"product","2":"type-product","3":"status-publish","4":"has-post-thumbnail","6":"product_brand-pure-encapsulations","7":"product_cat-p","8":"pa_packungsgroesse-60-stueck","10":"first","11":"instock","12":"shipping-taxable","13":"purchasable","14":"product-type-simple"},"acf":[],"_links":{"self":[{"href":"https:\/\/www.hirtenberg-apotheke.at\/katalog\/wp-json\/wp\/v2\/product\/38361","targetHints":{"allow":["GET"]}}],"collection":[{"href":"https:\/\/www.hirtenberg-apotheke.at\/katalog\/wp-json\/wp\/v2\/product"}],"about":[{"href":"https:\/\/www.hirtenberg-apotheke.at\/katalog\/wp-json\/wp\/v2\/types\/product"}],"wp:featuredmedia":[{"embeddable":true,"href":"https:\/\/www.hirtenberg-apotheke.at\/katalog\/wp-json\/wp\/v2\/media\/38363"}],"wp:attachment":[{"href":"https:\/\/www.hirtenberg-apotheke.at\/katalog\/wp-json\/wp\/v2\/media?parent=38361"}],"wp:term":[{"taxonomy":"product_brand","embeddable":true,"href":"https:\/\/www.hirtenberg-apotheke.at\/katalog\/wp-json\/wp\/v2\/product_brand?post=38361"},{"taxonomy":"product_cat","embeddable":true,"href":"https:\/\/www.hirtenberg-apotheke.at\/katalog\/wp-json\/wp\/v2\/product_cat?post=38361"},{"taxonomy":"product_tag","embeddable":true,"href":"https:\/\/www.hirtenberg-apotheke.at\/katalog\/wp-json\/wp\/v2\/product_tag?post=38361"}],"curies":[{"name":"wp","href":"https:\/\/api.w.org\/{rel}","templated":true}]}}