{"id":38391,"date":"2025-11-26T07:17:19","date_gmt":"2025-11-26T06:17:19","guid":{"rendered":"https:\/\/www.hirtenberg-apotheke.at\/katalog\/produkt\/pure-encapsulations-astaxanthin-60-stk\/"},"modified":"2025-11-26T07:17:35","modified_gmt":"2025-11-26T06:17:35","slug":"pure-encapsulations-astaxanthin-60-stk","status":"publish","type":"product","link":"https:\/\/www.hirtenberg-apotheke.at\/katalog\/produkt\/pure-encapsulations-astaxanthin-60-stk\/","title":{"rendered":"Pure Encapsulations Astaxanthin 60 Stk."},"content":{"rendered":"<p>Der in Pure Encapsulations\u00ae Astaxanthin enthaltene Rohstoff wird aus der hawaiianischen Blutregenalge gewonnen. Astaxanthin geh\u00f6rt zur Gruppe der Carotinoide, von welchen es in der Natur \u00fcber 600 verschiedene gibt, und ist u.a. f\u00fcr die Rotf\u00e4rbung der Krustentiere verantwortlich \u2013 wie alle Artikel von Pure Encapsulations\u00ae permanent deutlich preiswerter bestellen!<\/p>\n","protected":false},"excerpt":{"rendered":"<p>Der in Pure Encapsulations\u00ae Astaxanthin enthaltene Rohstoff wird aus der hawaiianischen Blutregenalge gewonnen. Astaxanthin geh\u00f6rt zur Gruppe der Carotinoide, von welchen es in der Natur \u00fcber 600 verschiedene gibt, und ist u.a. f\u00fcr die Rotf\u00e4rbung der Krustentiere verantwortlich \u2013 wie alle Artikel von Pure Encapsulations\u00ae permanent deutlich preiswerter bestellen!<\/p>\n","protected":false},"featured_media":38393,"template":"","meta":{"_acf_changed":false},"product_brand":[1033],"product_cat":[302],"product_tag":[],"class_list":{"0":"post-38391","1":"product","2":"type-product","3":"status-publish","4":"has-post-thumbnail","6":"product_brand-pure-encapsulations","7":"product_cat-p","8":"pa_packungsgroesse-60-stueck","10":"first","11":"instock","12":"shipping-taxable","13":"purchasable","14":"product-type-simple"},"acf":[],"_links":{"self":[{"href":"https:\/\/www.hirtenberg-apotheke.at\/katalog\/wp-json\/wp\/v2\/product\/38391","targetHints":{"allow":["GET"]}}],"collection":[{"href":"https:\/\/www.hirtenberg-apotheke.at\/katalog\/wp-json\/wp\/v2\/product"}],"about":[{"href":"https:\/\/www.hirtenberg-apotheke.at\/katalog\/wp-json\/wp\/v2\/types\/product"}],"wp:featuredmedia":[{"embeddable":true,"href":"https:\/\/www.hirtenberg-apotheke.at\/katalog\/wp-json\/wp\/v2\/media\/38393"}],"wp:attachment":[{"href":"https:\/\/www.hirtenberg-apotheke.at\/katalog\/wp-json\/wp\/v2\/media?parent=38391"}],"wp:term":[{"taxonomy":"product_brand","embeddable":true,"href":"https:\/\/www.hirtenberg-apotheke.at\/katalog\/wp-json\/wp\/v2\/product_brand?post=38391"},{"taxonomy":"product_cat","embeddable":true,"href":"https:\/\/www.hirtenberg-apotheke.at\/katalog\/wp-json\/wp\/v2\/product_cat?post=38391"},{"taxonomy":"product_tag","embeddable":true,"href":"https:\/\/www.hirtenberg-apotheke.at\/katalog\/wp-json\/wp\/v2\/product_tag?post=38391"}],"curies":[{"name":"wp","href":"https:\/\/api.w.org\/{rel}","templated":true}]}}