{"id":38440,"date":"2025-11-26T07:18:16","date_gmt":"2025-11-26T06:18:16","guid":{"rendered":"https:\/\/www.hirtenberg-apotheke.at\/katalog\/produkt\/burgerstein-vitamin-d-3-kapseln-100-stk\/"},"modified":"2025-11-26T07:18:34","modified_gmt":"2025-11-26T06:18:34","slug":"burgerstein-vitamin-d-3-kapseln-100-stk","status":"publish","type":"product","link":"https:\/\/www.hirtenberg-apotheke.at\/katalog\/produkt\/burgerstein-vitamin-d-3-kapseln-100-stk\/","title":{"rendered":"Burgerstein Vitamin D 3 Kapseln 100 Stk."},"content":{"rendered":"<p>Burgerstein Vitamin D3 tr\u00e4gt zur Erhaltung von gesunden Knochen bei und verbessert die Aufnahme und Verwertung von Kalzium.Burgerstein Vitamin D3 kompensiert eine ungen\u00fcgende k\u00f6rpereigene Produktion von Vitamin D3 \u00fcber die Haut.<\/p>\n","protected":false},"excerpt":{"rendered":"<p>Burgerstein Vitamin D3 tr\u00e4gt zur Erhaltung von gesunden Knochen bei und verbessert die Aufnahme und Verwertung von Kalzium.Burgerstein Vitamin D3 kompensiert eine ungen\u00fcgende k\u00f6rpereigene Produktion von Vitamin D3 \u00fcber die Haut.<\/p>\n","protected":false},"featured_media":38442,"template":"","meta":{"_acf_changed":false},"product_brand":[422],"product_cat":[292],"product_tag":[],"class_list":{"0":"post-38440","1":"product","2":"type-product","3":"status-publish","4":"has-post-thumbnail","6":"product_brand-burgerstein","7":"product_cat-b","8":"pa_packungsgroesse-100-stueck","10":"first","11":"instock","12":"shipping-taxable","13":"purchasable","14":"product-type-simple"},"acf":[],"_links":{"self":[{"href":"https:\/\/www.hirtenberg-apotheke.at\/katalog\/wp-json\/wp\/v2\/product\/38440","targetHints":{"allow":["GET"]}}],"collection":[{"href":"https:\/\/www.hirtenberg-apotheke.at\/katalog\/wp-json\/wp\/v2\/product"}],"about":[{"href":"https:\/\/www.hirtenberg-apotheke.at\/katalog\/wp-json\/wp\/v2\/types\/product"}],"wp:featuredmedia":[{"embeddable":true,"href":"https:\/\/www.hirtenberg-apotheke.at\/katalog\/wp-json\/wp\/v2\/media\/38442"}],"wp:attachment":[{"href":"https:\/\/www.hirtenberg-apotheke.at\/katalog\/wp-json\/wp\/v2\/media?parent=38440"}],"wp:term":[{"taxonomy":"product_brand","embeddable":true,"href":"https:\/\/www.hirtenberg-apotheke.at\/katalog\/wp-json\/wp\/v2\/product_brand?post=38440"},{"taxonomy":"product_cat","embeddable":true,"href":"https:\/\/www.hirtenberg-apotheke.at\/katalog\/wp-json\/wp\/v2\/product_cat?post=38440"},{"taxonomy":"product_tag","embeddable":true,"href":"https:\/\/www.hirtenberg-apotheke.at\/katalog\/wp-json\/wp\/v2\/product_tag?post=38440"}],"curies":[{"name":"wp","href":"https:\/\/api.w.org\/{rel}","templated":true}]}}