{"id":38455,"date":"2025-11-26T07:18:50","date_gmt":"2025-11-26T06:18:50","guid":{"rendered":"https:\/\/www.hirtenberg-apotheke.at\/katalog\/produkt\/magnesium-diasporal-400-extra-kapseln-50-stk\/"},"modified":"2025-11-26T07:18:54","modified_gmt":"2025-11-26T06:18:54","slug":"magnesium-diasporal-400-extra-kapseln-50-stk","status":"publish","type":"product","link":"https:\/\/www.hirtenberg-apotheke.at\/katalog\/produkt\/magnesium-diasporal-400-extra-kapseln-50-stk\/","title":{"rendered":"Magnesium Diasporal 400 Extra Kapseln 50 Stk."},"content":{"rendered":"<ul>\n<li>EXTRA STARK mit 400 mg Magnesium pro Kapsel <\/li>\n<li>EXTRA PRAKTISCH in der wiederverschlie\u00dfbaren Dose <\/li>\n<li>Klein und leicht zu schlucken <\/li>\n<li>Nur 1 x t\u00e4glich<\/li>\n<li>Vor einer Mahlzeit einnehmen<\/li>\n<li>Geschmacksneutral <\/li>\n<li>Nat\u00fcrlich ohne S\u00fc\u00dfstoffe, ohne Zucker<\/li>\n<li>Hinweis f\u00fcr Diabetiker: 1 Kapsel enth\u00e4lt 0 BE <\/li>\n<li>Glutenfrei, laktosefrei<\/li>\n<\/ul>\n<p>Magnesium tr\u00e4gt zu einernormalen Muskelfunktion bei<\/p>\n","protected":false},"excerpt":{"rendered":"<p>EXTRA STARK mit 400 mg Magnesium pro Kapsel EXTRA PRAKTISCH in der wiederverschlie\u00dfbaren Dose Klein und leicht zu schlucken Nur 1 x t\u00e4glich Vor einer Mahlzeit einnehmen Geschmacksneutral Nat\u00fcrlich ohne S\u00fc\u00dfstoffe, ohne Zucker Hinweis f\u00fcr Diabetiker: 1 Kapsel enth\u00e4lt 0 BE Glutenfrei, laktosefrei Magnesium tr\u00e4gt zu einernormalen Muskelfunktion bei<\/p>\n","protected":false},"featured_media":0,"template":"","meta":{"_acf_changed":false},"product_brand":[],"product_cat":[308],"product_tag":[],"class_list":{"0":"post-38455","1":"product","2":"type-product","3":"status-publish","5":"product_cat-m","6":"pa_geschmack-neutral","7":"pa_packungsgroesse-50-stueck","9":"first","10":"instock","11":"shipping-taxable","12":"purchasable","13":"product-type-simple"},"acf":[],"_links":{"self":[{"href":"https:\/\/www.hirtenberg-apotheke.at\/katalog\/wp-json\/wp\/v2\/product\/38455","targetHints":{"allow":["GET"]}}],"collection":[{"href":"https:\/\/www.hirtenberg-apotheke.at\/katalog\/wp-json\/wp\/v2\/product"}],"about":[{"href":"https:\/\/www.hirtenberg-apotheke.at\/katalog\/wp-json\/wp\/v2\/types\/product"}],"wp:attachment":[{"href":"https:\/\/www.hirtenberg-apotheke.at\/katalog\/wp-json\/wp\/v2\/media?parent=38455"}],"wp:term":[{"taxonomy":"product_brand","embeddable":true,"href":"https:\/\/www.hirtenberg-apotheke.at\/katalog\/wp-json\/wp\/v2\/product_brand?post=38455"},{"taxonomy":"product_cat","embeddable":true,"href":"https:\/\/www.hirtenberg-apotheke.at\/katalog\/wp-json\/wp\/v2\/product_cat?post=38455"},{"taxonomy":"product_tag","embeddable":true,"href":"https:\/\/www.hirtenberg-apotheke.at\/katalog\/wp-json\/wp\/v2\/product_tag?post=38455"}],"curies":[{"name":"wp","href":"https:\/\/api.w.org\/{rel}","templated":true}]}}