{"id":38511,"date":"2025-11-26T07:19:47","date_gmt":"2025-11-26T06:19:47","guid":{"rendered":"https:\/\/www.hirtenberg-apotheke.at\/katalog\/produkt\/verla-zink-tabletten-10-mg-20-stk\/"},"modified":"2025-11-26T07:19:55","modified_gmt":"2025-11-26T06:19:55","slug":"verla-zink-tabletten-10-mg-20-stk","status":"publish","type":"product","link":"https:\/\/www.hirtenberg-apotheke.at\/katalog\/produkt\/verla-zink-tabletten-10-mg-20-stk\/","title":{"rendered":"Verla Zink Tabletten 10 mg 20 Stk."},"content":{"rendered":"<p>Verla Zink Tabletten 10 mg f\u00fcr eine ausreichende Versorgung mit Zink, f\u00fcr Diabetiker geeignet, frei von Gluten, Lactose und S\u00fc\u00dfstoffen.<\/p>\n","protected":false},"excerpt":{"rendered":"<p>Verla Zink Tabletten 10 mg f\u00fcr eine ausreichende Versorgung mit Zink, f\u00fcr Diabetiker geeignet, frei von Gluten, Lactose und S\u00fc\u00dfstoffen.<\/p>\n","protected":false},"featured_media":0,"template":"","meta":{"_acf_changed":false},"product_brand":[1032],"product_cat":[300],"product_tag":[],"class_list":{"0":"post-38511","1":"product","2":"type-product","3":"status-publish","5":"product_brand-verla","6":"product_cat-v","7":"pa_packungsgroesse-20-stueck","9":"first","10":"instock","11":"shipping-taxable","12":"purchasable","13":"product-type-simple"},"acf":[],"_links":{"self":[{"href":"https:\/\/www.hirtenberg-apotheke.at\/katalog\/wp-json\/wp\/v2\/product\/38511","targetHints":{"allow":["GET"]}}],"collection":[{"href":"https:\/\/www.hirtenberg-apotheke.at\/katalog\/wp-json\/wp\/v2\/product"}],"about":[{"href":"https:\/\/www.hirtenberg-apotheke.at\/katalog\/wp-json\/wp\/v2\/types\/product"}],"wp:attachment":[{"href":"https:\/\/www.hirtenberg-apotheke.at\/katalog\/wp-json\/wp\/v2\/media?parent=38511"}],"wp:term":[{"taxonomy":"product_brand","embeddable":true,"href":"https:\/\/www.hirtenberg-apotheke.at\/katalog\/wp-json\/wp\/v2\/product_brand?post=38511"},{"taxonomy":"product_cat","embeddable":true,"href":"https:\/\/www.hirtenberg-apotheke.at\/katalog\/wp-json\/wp\/v2\/product_cat?post=38511"},{"taxonomy":"product_tag","embeddable":true,"href":"https:\/\/www.hirtenberg-apotheke.at\/katalog\/wp-json\/wp\/v2\/product_tag?post=38511"}],"curies":[{"name":"wp","href":"https:\/\/api.w.org\/{rel}","templated":true}]}}