{"id":38527,"date":"2025-11-26T07:20:05","date_gmt":"2025-11-26T06:20:05","guid":{"rendered":"https:\/\/www.hirtenberg-apotheke.at\/katalog\/produkt\/pure-encapsulations-selen-selenmethionin-180-stk\/"},"modified":"2025-11-26T07:20:15","modified_gmt":"2025-11-26T06:20:15","slug":"pure-encapsulations-selen-selenmethionin-180-stk","status":"publish","type":"product","link":"https:\/\/www.hirtenberg-apotheke.at\/katalog\/produkt\/pure-encapsulations-selen-selenmethionin-180-stk\/","title":{"rendered":"Pure Encapsulations Selen Selenmethionin 180 Stk."},"content":{"rendered":"<p>Pure Encapsulations Selen Selenmethionin sch\u00fctzt als Radikalf\u00e4nger vor oxidativen Zellsch\u00e4den und unterst\u00fctzt das Immunsystem. Selenmethionin wird als organische Selenverbindung vom Organismus sehr gut aufgenommen &#8211; Jetzt online bestellen<\/p>\n","protected":false},"excerpt":{"rendered":"<p>Pure Encapsulations Selen Selenmethionin sch\u00fctzt als Radikalf\u00e4nger vor oxidativen Zellsch\u00e4den und unterst\u00fctzt das Immunsystem. Selenmethionin wird als organische Selenverbindung vom Organismus sehr gut aufgenommen &#8211; Jetzt online bestellen<\/p>\n","protected":false},"featured_media":38529,"template":"","meta":{"_acf_changed":false},"product_brand":[1033],"product_cat":[302],"product_tag":[],"class_list":{"0":"post-38527","1":"product","2":"type-product","3":"status-publish","4":"has-post-thumbnail","6":"product_brand-pure-encapsulations","7":"product_cat-p","8":"pa_packungsgroesse-180-stueck","10":"first","11":"instock","12":"shipping-taxable","13":"purchasable","14":"product-type-simple"},"acf":[],"_links":{"self":[{"href":"https:\/\/www.hirtenberg-apotheke.at\/katalog\/wp-json\/wp\/v2\/product\/38527","targetHints":{"allow":["GET"]}}],"collection":[{"href":"https:\/\/www.hirtenberg-apotheke.at\/katalog\/wp-json\/wp\/v2\/product"}],"about":[{"href":"https:\/\/www.hirtenberg-apotheke.at\/katalog\/wp-json\/wp\/v2\/types\/product"}],"wp:featuredmedia":[{"embeddable":true,"href":"https:\/\/www.hirtenberg-apotheke.at\/katalog\/wp-json\/wp\/v2\/media\/38529"}],"wp:attachment":[{"href":"https:\/\/www.hirtenberg-apotheke.at\/katalog\/wp-json\/wp\/v2\/media?parent=38527"}],"wp:term":[{"taxonomy":"product_brand","embeddable":true,"href":"https:\/\/www.hirtenberg-apotheke.at\/katalog\/wp-json\/wp\/v2\/product_brand?post=38527"},{"taxonomy":"product_cat","embeddable":true,"href":"https:\/\/www.hirtenberg-apotheke.at\/katalog\/wp-json\/wp\/v2\/product_cat?post=38527"},{"taxonomy":"product_tag","embeddable":true,"href":"https:\/\/www.hirtenberg-apotheke.at\/katalog\/wp-json\/wp\/v2\/product_tag?post=38527"}],"curies":[{"name":"wp","href":"https:\/\/api.w.org\/{rel}","templated":true}]}}