{"id":38566,"date":"2025-11-26T07:20:45","date_gmt":"2025-11-26T06:20:45","guid":{"rendered":"https:\/\/www.hirtenberg-apotheke.at\/katalog\/produkt\/pure-encapsulations-bcaa-90-stk\/"},"modified":"2025-11-26T07:20:57","modified_gmt":"2025-11-26T06:20:57","slug":"pure-encapsulations-bcaa-90-stk","status":"publish","type":"product","link":"https:\/\/www.hirtenberg-apotheke.at\/katalog\/produkt\/pure-encapsulations-bcaa-90-stk\/","title":{"rendered":"Pure Encapsulations BCAA 90 Stk."},"content":{"rendered":"<p>Unter dem Namen verzweigtkettige Aminos\u00e4uren (BCAA =\u201ebranched-chain amino acids\u201c) fasst man die Aminos\u00e4uren Leucin,Isoleucin und Valin zusammen. Im K\u00f6rper kommen sie vor allemin der Skelettmuskulatur und im Herzen vor. Die unentbehrlichenAminos\u00e4uren werden vom K\u00f6rper nicht selbst gebildet und m\u00fcssendaher \u00fcber die Ern\u00e4hrung zugef\u00fchrt werden. Sie dienen demK\u00f6rper zum Aufbau von Eiwei\u00dfstrukturen und als Baumaterial vonMuskelgewebe.<\/p>\n","protected":false},"excerpt":{"rendered":"<p>Unter dem Namen verzweigtkettige Aminos\u00e4uren (BCAA =\u201ebranched-chain amino acids\u201c) fasst man die Aminos\u00e4uren Leucin,Isoleucin und Valin zusammen. Im K\u00f6rper kommen sie vor allemin der Skelettmuskulatur und im Herzen vor. Die unentbehrlichenAminos\u00e4uren werden vom K\u00f6rper nicht selbst gebildet und m\u00fcssendaher \u00fcber die Ern\u00e4hrung zugef\u00fchrt werden. Sie dienen demK\u00f6rper zum Aufbau von Eiwei\u00dfstrukturen und als Baumaterial vonMuskelgewebe.<\/p>\n","protected":false},"featured_media":38568,"template":"","meta":{"_acf_changed":false},"product_brand":[1033],"product_cat":[302],"product_tag":[],"class_list":{"0":"post-38566","1":"product","2":"type-product","3":"status-publish","4":"has-post-thumbnail","6":"product_brand-pure-encapsulations","7":"product_cat-p","8":"pa_packungsgroesse-90-stueck","10":"first","11":"instock","12":"shipping-taxable","13":"purchasable","14":"product-type-simple"},"acf":[],"_links":{"self":[{"href":"https:\/\/www.hirtenberg-apotheke.at\/katalog\/wp-json\/wp\/v2\/product\/38566","targetHints":{"allow":["GET"]}}],"collection":[{"href":"https:\/\/www.hirtenberg-apotheke.at\/katalog\/wp-json\/wp\/v2\/product"}],"about":[{"href":"https:\/\/www.hirtenberg-apotheke.at\/katalog\/wp-json\/wp\/v2\/types\/product"}],"wp:featuredmedia":[{"embeddable":true,"href":"https:\/\/www.hirtenberg-apotheke.at\/katalog\/wp-json\/wp\/v2\/media\/38568"}],"wp:attachment":[{"href":"https:\/\/www.hirtenberg-apotheke.at\/katalog\/wp-json\/wp\/v2\/media?parent=38566"}],"wp:term":[{"taxonomy":"product_brand","embeddable":true,"href":"https:\/\/www.hirtenberg-apotheke.at\/katalog\/wp-json\/wp\/v2\/product_brand?post=38566"},{"taxonomy":"product_cat","embeddable":true,"href":"https:\/\/www.hirtenberg-apotheke.at\/katalog\/wp-json\/wp\/v2\/product_cat?post=38566"},{"taxonomy":"product_tag","embeddable":true,"href":"https:\/\/www.hirtenberg-apotheke.at\/katalog\/wp-json\/wp\/v2\/product_tag?post=38566"}],"curies":[{"name":"wp","href":"https:\/\/api.w.org\/{rel}","templated":true}]}}