{"id":38585,"date":"2025-11-26T07:21:11","date_gmt":"2025-11-26T06:21:11","guid":{"rendered":"https:\/\/www.hirtenberg-apotheke.at\/katalog\/produkt\/pure-encapsulations-vitamin-c-1000-90-stk\/"},"modified":"2025-11-26T07:42:44","modified_gmt":"2025-11-26T06:42:44","slug":"pure-encapsulations-vitamin-c-1000-90-stk","status":"publish","type":"product","link":"https:\/\/www.hirtenberg-apotheke.at\/katalog\/produkt\/pure-encapsulations-vitamin-c-1000-90-stk\/","title":{"rendered":"Pure Encapsulations Vitamin C 1000 90 Stk."},"content":{"rendered":"<p>Vitamin C ist wohl einer der beliebtesten und bekanntesten Mikron\u00e4hrstoffe.Das wasserl\u00f6sliche Vitamin wird im K\u00f6rper permanentverbraucht und muss daher t\u00e4glich zugef\u00fchrt werden. Vitamin Ctr\u00e4gt zu einer normalen Funktion des Immunsystems bei, f\u00e4ngtfreie Radikale ab und spielt eine wichtige Rolle bei der Bildung desKollagens (St\u00fctz- und Bindegewebe).<\/p>\n","protected":false},"excerpt":{"rendered":"<p>Vitamin C ist wohl einer der beliebtesten und bekanntesten Mikron\u00e4hrstoffe.Das wasserl\u00f6sliche Vitamin wird im K\u00f6rper permanentverbraucht und muss daher t\u00e4glich zugef\u00fchrt werden. Vitamin Ctr\u00e4gt zu einer normalen Funktion des Immunsystems bei, f\u00e4ngtfreie Radikale ab und spielt eine wichtige Rolle bei der Bildung desKollagens (St\u00fctz- und Bindegewebe).<\/p>\n","protected":false},"featured_media":38587,"template":"","meta":{"_acf_changed":false},"product_brand":[1033],"product_cat":[302],"product_tag":[],"class_list":{"0":"post-38585","1":"product","2":"type-product","3":"status-publish","4":"has-post-thumbnail","6":"product_brand-pure-encapsulations","7":"product_cat-p","8":"pa_packungsgroesse-250-stueck","9":"pa_packungsgroesse-90-stueck","11":"first","12":"instock","13":"shipping-taxable","14":"purchasable","15":"product-type-simple"},"acf":[],"_links":{"self":[{"href":"https:\/\/www.hirtenberg-apotheke.at\/katalog\/wp-json\/wp\/v2\/product\/38585","targetHints":{"allow":["GET"]}}],"collection":[{"href":"https:\/\/www.hirtenberg-apotheke.at\/katalog\/wp-json\/wp\/v2\/product"}],"about":[{"href":"https:\/\/www.hirtenberg-apotheke.at\/katalog\/wp-json\/wp\/v2\/types\/product"}],"wp:featuredmedia":[{"embeddable":true,"href":"https:\/\/www.hirtenberg-apotheke.at\/katalog\/wp-json\/wp\/v2\/media\/38587"}],"wp:attachment":[{"href":"https:\/\/www.hirtenberg-apotheke.at\/katalog\/wp-json\/wp\/v2\/media?parent=38585"}],"wp:term":[{"taxonomy":"product_brand","embeddable":true,"href":"https:\/\/www.hirtenberg-apotheke.at\/katalog\/wp-json\/wp\/v2\/product_brand?post=38585"},{"taxonomy":"product_cat","embeddable":true,"href":"https:\/\/www.hirtenberg-apotheke.at\/katalog\/wp-json\/wp\/v2\/product_cat?post=38585"},{"taxonomy":"product_tag","embeddable":true,"href":"https:\/\/www.hirtenberg-apotheke.at\/katalog\/wp-json\/wp\/v2\/product_tag?post=38585"}],"curies":[{"name":"wp","href":"https:\/\/api.w.org\/{rel}","templated":true}]}}