{"id":38613,"date":"2025-11-26T07:21:37","date_gmt":"2025-11-26T06:21:37","guid":{"rendered":"https:\/\/www.hirtenberg-apotheke.at\/katalog\/produkt\/pure-encapsulations-mangan-mangancitrat-60-stk\/"},"modified":"2025-11-26T07:21:52","modified_gmt":"2025-11-26T06:21:52","slug":"pure-encapsulations-mangan-mangancitrat-60-stk","status":"publish","type":"product","link":"https:\/\/www.hirtenberg-apotheke.at\/katalog\/produkt\/pure-encapsulations-mangan-mangancitrat-60-stk\/","title":{"rendered":"Pure Encapsulations Mangan Mangancitrat 60 Stk."},"content":{"rendered":"<p>Das Spurenelement Mangan ist f\u00fcr die Funktion zahlreicherEnzyme notwendig, die f\u00fcr die Energieumwandlung ben\u00f6tigtwerden. Zudem ist Mangan f\u00fcr den Aufbau von Bindegewebe undKnochen wichtig. Der menschliche K\u00f6rper enth\u00e4lt etwa 10-40 mg des essentiellenSpurenelementes Mangan. Einseitige Ern\u00e4hrung mit Wei\u00dfmehlproduktenund vielen einfachen Kohlenhydraten kann zu einemerh\u00f6hten Bedarf an Mangan f\u00fchren.<\/p>\n","protected":false},"excerpt":{"rendered":"<p>Das Spurenelement Mangan ist f\u00fcr die Funktion zahlreicherEnzyme notwendig, die f\u00fcr die Energieumwandlung ben\u00f6tigtwerden. Zudem ist Mangan f\u00fcr den Aufbau von Bindegewebe undKnochen wichtig. Der menschliche K\u00f6rper enth\u00e4lt etwa 10-40 mg des essentiellenSpurenelementes Mangan. Einseitige Ern\u00e4hrung mit Wei\u00dfmehlproduktenund vielen einfachen Kohlenhydraten kann zu einemerh\u00f6hten Bedarf an Mangan f\u00fchren.<\/p>\n","protected":false},"featured_media":38615,"template":"","meta":{"_acf_changed":false},"product_brand":[1033],"product_cat":[302],"product_tag":[],"class_list":{"0":"post-38613","1":"product","2":"type-product","3":"status-publish","4":"has-post-thumbnail","6":"product_brand-pure-encapsulations","7":"product_cat-p","8":"pa_packungsgroesse-60-stueck","10":"first","11":"instock","12":"shipping-taxable","13":"purchasable","14":"product-type-simple"},"acf":[],"_links":{"self":[{"href":"https:\/\/www.hirtenberg-apotheke.at\/katalog\/wp-json\/wp\/v2\/product\/38613","targetHints":{"allow":["GET"]}}],"collection":[{"href":"https:\/\/www.hirtenberg-apotheke.at\/katalog\/wp-json\/wp\/v2\/product"}],"about":[{"href":"https:\/\/www.hirtenberg-apotheke.at\/katalog\/wp-json\/wp\/v2\/types\/product"}],"wp:featuredmedia":[{"embeddable":true,"href":"https:\/\/www.hirtenberg-apotheke.at\/katalog\/wp-json\/wp\/v2\/media\/38615"}],"wp:attachment":[{"href":"https:\/\/www.hirtenberg-apotheke.at\/katalog\/wp-json\/wp\/v2\/media?parent=38613"}],"wp:term":[{"taxonomy":"product_brand","embeddable":true,"href":"https:\/\/www.hirtenberg-apotheke.at\/katalog\/wp-json\/wp\/v2\/product_brand?post=38613"},{"taxonomy":"product_cat","embeddable":true,"href":"https:\/\/www.hirtenberg-apotheke.at\/katalog\/wp-json\/wp\/v2\/product_cat?post=38613"},{"taxonomy":"product_tag","embeddable":true,"href":"https:\/\/www.hirtenberg-apotheke.at\/katalog\/wp-json\/wp\/v2\/product_tag?post=38613"}],"curies":[{"name":"wp","href":"https:\/\/api.w.org\/{rel}","templated":true}]}}