{"id":38617,"date":"2025-11-26T07:21:37","date_gmt":"2025-11-26T06:21:37","guid":{"rendered":"https:\/\/www.hirtenberg-apotheke.at\/katalog\/produkt\/pure-encapsulations-reduziertes-glutathion-60-stk\/"},"modified":"2025-11-26T07:21:56","modified_gmt":"2025-11-26T06:21:56","slug":"pure-encapsulations-reduziertes-glutathion-60-stk","status":"publish","type":"product","link":"https:\/\/www.hirtenberg-apotheke.at\/katalog\/produkt\/pure-encapsulations-reduziertes-glutathion-60-stk\/","title":{"rendered":"Pure Encapsulations Reduziertes Glutathion 60 Stk."},"content":{"rendered":"<p>Glutathion ist ein Tripeptid, bestehend aus den Aminos\u00e4urenL-Cystein, L-Glutamins\u00e4ure und L-Glycin. Als zus\u00e4tzlicher Bestandteileiner ausgewogenen Ern\u00e4hrung kann Pure Encapsulations\u00aeReduziertes Glutathion zu einer nachhaltigen Mikron\u00e4hrstoff-Versorgung beitragen.<\/p>\n","protected":false},"excerpt":{"rendered":"<p>Glutathion ist ein Tripeptid, bestehend aus den Aminos\u00e4urenL-Cystein, L-Glutamins\u00e4ure und L-Glycin. Als zus\u00e4tzlicher Bestandteileiner ausgewogenen Ern\u00e4hrung kann Pure Encapsulations\u00aeReduziertes Glutathion zu einer nachhaltigen Mikron\u00e4hrstoff-Versorgung beitragen.<\/p>\n","protected":false},"featured_media":38619,"template":"","meta":{"_acf_changed":false},"product_brand":[1033],"product_cat":[302],"product_tag":[],"class_list":{"0":"post-38617","1":"product","2":"type-product","3":"status-publish","4":"has-post-thumbnail","6":"product_brand-pure-encapsulations","7":"product_cat-p","8":"pa_packungsgroesse-60-stueck","10":"first","11":"instock","12":"shipping-taxable","13":"purchasable","14":"product-type-simple"},"acf":[],"_links":{"self":[{"href":"https:\/\/www.hirtenberg-apotheke.at\/katalog\/wp-json\/wp\/v2\/product\/38617","targetHints":{"allow":["GET"]}}],"collection":[{"href":"https:\/\/www.hirtenberg-apotheke.at\/katalog\/wp-json\/wp\/v2\/product"}],"about":[{"href":"https:\/\/www.hirtenberg-apotheke.at\/katalog\/wp-json\/wp\/v2\/types\/product"}],"wp:featuredmedia":[{"embeddable":true,"href":"https:\/\/www.hirtenberg-apotheke.at\/katalog\/wp-json\/wp\/v2\/media\/38619"}],"wp:attachment":[{"href":"https:\/\/www.hirtenberg-apotheke.at\/katalog\/wp-json\/wp\/v2\/media?parent=38617"}],"wp:term":[{"taxonomy":"product_brand","embeddable":true,"href":"https:\/\/www.hirtenberg-apotheke.at\/katalog\/wp-json\/wp\/v2\/product_brand?post=38617"},{"taxonomy":"product_cat","embeddable":true,"href":"https:\/\/www.hirtenberg-apotheke.at\/katalog\/wp-json\/wp\/v2\/product_cat?post=38617"},{"taxonomy":"product_tag","embeddable":true,"href":"https:\/\/www.hirtenberg-apotheke.at\/katalog\/wp-json\/wp\/v2\/product_tag?post=38617"}],"curies":[{"name":"wp","href":"https:\/\/api.w.org\/{rel}","templated":true}]}}