{"id":38621,"date":"2025-11-26T07:21:37","date_gmt":"2025-11-26T06:21:37","guid":{"rendered":"https:\/\/www.hirtenberg-apotheke.at\/katalog\/produkt\/novo-c-plus-liposomales-vitamin-c-kapseln-30-stk\/"},"modified":"2025-11-26T07:22:08","modified_gmt":"2025-11-26T06:22:08","slug":"novo-c-plus-liposomales-vitamin-c-kapseln-30-stk","status":"publish","type":"product","link":"https:\/\/www.hirtenberg-apotheke.at\/katalog\/produkt\/novo-c-plus-liposomales-vitamin-c-kapseln-30-stk\/","title":{"rendered":"Novo C Plus Liposomales Vitamin C Kapseln 30 Stk."},"content":{"rendered":"<p>NovoC plus\u00ae ist ein einzigartiges Vitamin C Pr\u00e4parat in einer Weichgel-Kapselform, welche eine optimale Bioverf\u00fcgbarkeit im menschlichen K\u00f6rper erm\u00f6glicht. Aufgrund der liposomalen Technologie wird das Vitamin C von einer nat\u00fcrlichen Schicht aus Phospholipiden umgeben, welche eine Schutzh\u00fclle f\u00fcr das Vitamin C w\u00e4hrend des Verdauungsprozesses bildet.Es erm\u00f6glicht eine l\u00e4nger andauernde Resorption im K\u00f6rper und eine leichtere Aufnahme in die Zellen. Dank dieser Technologie wird auch das Verdauungssystem geschont.<\/p>\n","protected":false},"excerpt":{"rendered":"<p>NovoC plus\u00ae ist ein einzigartiges Vitamin C Pr\u00e4parat in einer Weichgel-Kapselform, welche eine optimale Bioverf\u00fcgbarkeit im menschlichen K\u00f6rper erm\u00f6glicht. Aufgrund der liposomalen Technologie wird das Vitamin C von einer nat\u00fcrlichen Schicht aus Phospholipiden umgeben, welche eine Schutzh\u00fclle f\u00fcr das Vitamin C w\u00e4hrend des Verdauungsprozesses bildet.Es erm\u00f6glicht eine l\u00e4nger andauernde Resorption im K\u00f6rper und eine leichtere [&hellip;]<\/p>\n","protected":false},"featured_media":38623,"template":"","meta":{"_acf_changed":false},"product_brand":[],"product_cat":[310],"product_tag":[],"class_list":{"0":"post-38621","1":"product","2":"type-product","3":"status-publish","4":"has-post-thumbnail","6":"product_cat-n","7":"pa_packungsgroesse-30-stueck","9":"first","10":"instock","11":"shipping-taxable","12":"purchasable","13":"product-type-simple"},"acf":[],"_links":{"self":[{"href":"https:\/\/www.hirtenberg-apotheke.at\/katalog\/wp-json\/wp\/v2\/product\/38621","targetHints":{"allow":["GET"]}}],"collection":[{"href":"https:\/\/www.hirtenberg-apotheke.at\/katalog\/wp-json\/wp\/v2\/product"}],"about":[{"href":"https:\/\/www.hirtenberg-apotheke.at\/katalog\/wp-json\/wp\/v2\/types\/product"}],"wp:featuredmedia":[{"embeddable":true,"href":"https:\/\/www.hirtenberg-apotheke.at\/katalog\/wp-json\/wp\/v2\/media\/38623"}],"wp:attachment":[{"href":"https:\/\/www.hirtenberg-apotheke.at\/katalog\/wp-json\/wp\/v2\/media?parent=38621"}],"wp:term":[{"taxonomy":"product_brand","embeddable":true,"href":"https:\/\/www.hirtenberg-apotheke.at\/katalog\/wp-json\/wp\/v2\/product_brand?post=38621"},{"taxonomy":"product_cat","embeddable":true,"href":"https:\/\/www.hirtenberg-apotheke.at\/katalog\/wp-json\/wp\/v2\/product_cat?post=38621"},{"taxonomy":"product_tag","embeddable":true,"href":"https:\/\/www.hirtenberg-apotheke.at\/katalog\/wp-json\/wp\/v2\/product_tag?post=38621"}],"curies":[{"name":"wp","href":"https:\/\/api.w.org\/{rel}","templated":true}]}}