{"id":38646,"date":"2025-11-26T07:22:15","date_gmt":"2025-11-26T06:22:15","guid":{"rendered":"https:\/\/www.hirtenberg-apotheke.at\/katalog\/produkt\/centrum-a-z-generation-50-tabletten\/"},"modified":"2025-11-26T07:22:25","modified_gmt":"2025-11-26T06:22:25","slug":"centrum-a-z-generation-50-tabletten","status":"publish","type":"product","link":"https:\/\/www.hirtenberg-apotheke.at\/katalog\/produkt\/centrum-a-z-generation-50-tabletten\/","title":{"rendered":"Centrum A-Z Generation 50+ Tabletten"},"content":{"rendered":"<p>Centrum Generation 50+ Tabletten 30 Stk. enthalten sorgf\u00e4ltig aufeinander abgestimmte Vitamine, Mineralstoffe, Spurenelemente und das f\u00fcr gutes Sehen wichtige Lutein. Diese N\u00e4hrstoffe unterst\u00fctzen den Funktionsablauf unseres K\u00f6rpers und sind lebensnotwendig. Jetzt bestellen!<\/p>\n","protected":false},"excerpt":{"rendered":"<p>Centrum Generation 50+ Tabletten 30 Stk. enthalten sorgf\u00e4ltig aufeinander abgestimmte Vitamine, Mineralstoffe, Spurenelemente und das f\u00fcr gutes Sehen wichtige Lutein. Diese N\u00e4hrstoffe unterst\u00fctzen den Funktionsablauf unseres K\u00f6rpers und sind lebensnotwendig. Jetzt bestellen!<\/p>\n","protected":false},"featured_media":38648,"template":"","meta":{"_acf_changed":false},"product_brand":[1042],"product_cat":[337],"product_tag":[],"class_list":{"0":"post-38646","1":"product","2":"type-product","3":"status-publish","4":"has-post-thumbnail","6":"product_brand-centrum","7":"product_cat-c","8":"pa_packungsgroesse-30-stueck","10":"first","11":"instock","12":"shipping-taxable","13":"purchasable","14":"product-type-simple"},"acf":[],"_links":{"self":[{"href":"https:\/\/www.hirtenberg-apotheke.at\/katalog\/wp-json\/wp\/v2\/product\/38646","targetHints":{"allow":["GET"]}}],"collection":[{"href":"https:\/\/www.hirtenberg-apotheke.at\/katalog\/wp-json\/wp\/v2\/product"}],"about":[{"href":"https:\/\/www.hirtenberg-apotheke.at\/katalog\/wp-json\/wp\/v2\/types\/product"}],"wp:featuredmedia":[{"embeddable":true,"href":"https:\/\/www.hirtenberg-apotheke.at\/katalog\/wp-json\/wp\/v2\/media\/38648"}],"wp:attachment":[{"href":"https:\/\/www.hirtenberg-apotheke.at\/katalog\/wp-json\/wp\/v2\/media?parent=38646"}],"wp:term":[{"taxonomy":"product_brand","embeddable":true,"href":"https:\/\/www.hirtenberg-apotheke.at\/katalog\/wp-json\/wp\/v2\/product_brand?post=38646"},{"taxonomy":"product_cat","embeddable":true,"href":"https:\/\/www.hirtenberg-apotheke.at\/katalog\/wp-json\/wp\/v2\/product_cat?post=38646"},{"taxonomy":"product_tag","embeddable":true,"href":"https:\/\/www.hirtenberg-apotheke.at\/katalog\/wp-json\/wp\/v2\/product_tag?post=38646"}],"curies":[{"name":"wp","href":"https:\/\/api.w.org\/{rel}","templated":true}]}}