{"id":38665,"date":"2025-11-26T07:22:39","date_gmt":"2025-11-26T06:22:39","guid":{"rendered":"https:\/\/www.hirtenberg-apotheke.at\/katalog\/produkt\/pure-encapsulations-ubiquinol-qh-50-mg-60-stk\/"},"modified":"2025-11-26T07:22:47","modified_gmt":"2025-11-26T06:22:47","slug":"pure-encapsulations-ubiquinol-qh-50-mg-60-stk","status":"publish","type":"product","link":"https:\/\/www.hirtenberg-apotheke.at\/katalog\/produkt\/pure-encapsulations-ubiquinol-qh-50-mg-60-stk\/","title":{"rendered":"Pure Encapsulations Ubiquinol-QH 50 mg 60 Stk."},"content":{"rendered":"<p>Ubichinol und Ubichinon (Coenzym Q10) sind eng miteinander verwandt. Sie unterscheiden sich nur minimal in ihrer Struktur und k\u00f6nnen vom K\u00f6rper ineinander umgewandelt werden. In den Mito-chondrien, den Kraftwerken der Zelle, sind sie ein starkes Team. Ubichinol selbst kann, aufgrund seiner Struktur die antioxidativen Vitamine C und E regenerieren. Diese sind dann wieder f\u00fcr das Abfangen hochreaktiver Teilchen bereit.Die Umwandlung von Ubichinon in Ubichinol geschieht enzymabh\u00e4ngig. Mit zunehmendem Alter kann die Enzymaktivit\u00e4t sinken \u2013 und damit die k\u00f6rpereigene Bildung von Ubichinol. Pure Encapsulations\u00ae Ubiquinol-QH 50 mg wird \u00fcber einen Biofermentationsprozess gewonnen..<\/p>\n","protected":false},"excerpt":{"rendered":"<p>Ubichinol und Ubichinon (Coenzym Q10) sind eng miteinander verwandt. Sie unterscheiden sich nur minimal in ihrer Struktur und k\u00f6nnen vom K\u00f6rper ineinander umgewandelt werden. In den Mito-chondrien, den Kraftwerken der Zelle, sind sie ein starkes Team. Ubichinol selbst kann, aufgrund seiner Struktur die antioxidativen Vitamine C und E regenerieren. Diese sind dann wieder f\u00fcr das [&hellip;]<\/p>\n","protected":false},"featured_media":38667,"template":"","meta":{"_acf_changed":false},"product_brand":[1033],"product_cat":[302],"product_tag":[],"class_list":{"0":"post-38665","1":"product","2":"type-product","3":"status-publish","4":"has-post-thumbnail","6":"product_brand-pure-encapsulations","7":"product_cat-p","8":"pa_packungsgroesse-60-stueck","10":"first","11":"instock","12":"shipping-taxable","13":"purchasable","14":"product-type-simple"},"acf":[],"_links":{"self":[{"href":"https:\/\/www.hirtenberg-apotheke.at\/katalog\/wp-json\/wp\/v2\/product\/38665","targetHints":{"allow":["GET"]}}],"collection":[{"href":"https:\/\/www.hirtenberg-apotheke.at\/katalog\/wp-json\/wp\/v2\/product"}],"about":[{"href":"https:\/\/www.hirtenberg-apotheke.at\/katalog\/wp-json\/wp\/v2\/types\/product"}],"wp:featuredmedia":[{"embeddable":true,"href":"https:\/\/www.hirtenberg-apotheke.at\/katalog\/wp-json\/wp\/v2\/media\/38667"}],"wp:attachment":[{"href":"https:\/\/www.hirtenberg-apotheke.at\/katalog\/wp-json\/wp\/v2\/media?parent=38665"}],"wp:term":[{"taxonomy":"product_brand","embeddable":true,"href":"https:\/\/www.hirtenberg-apotheke.at\/katalog\/wp-json\/wp\/v2\/product_brand?post=38665"},{"taxonomy":"product_cat","embeddable":true,"href":"https:\/\/www.hirtenberg-apotheke.at\/katalog\/wp-json\/wp\/v2\/product_cat?post=38665"},{"taxonomy":"product_tag","embeddable":true,"href":"https:\/\/www.hirtenberg-apotheke.at\/katalog\/wp-json\/wp\/v2\/product_tag?post=38665"}],"curies":[{"name":"wp","href":"https:\/\/api.w.org\/{rel}","templated":true}]}}