{"id":38677,"date":"2025-11-26T07:22:39","date_gmt":"2025-11-26T06:22:39","guid":{"rendered":"https:\/\/www.hirtenberg-apotheke.at\/katalog\/produkt\/vitamin-b6-tabletten-dl-20-stk\/"},"modified":"2025-11-26T07:22:57","modified_gmt":"2025-11-26T06:22:57","slug":"vitamin-b6-tabletten-dl-20-stk","status":"publish","type":"product","link":"https:\/\/www.hirtenberg-apotheke.at\/katalog\/produkt\/vitamin-b6-tabletten-dl-20-stk\/","title":{"rendered":"Vitamin B6 Tabletten DL 20 Stk."},"content":{"rendered":"<p>Vitamin B6 Tabletten DL werden zur Behandlung eines Vitamin B6-Mangels eingesetzt. Die Vitamin B6-Bedarfsdeckung ist bei verschiedenen Risikogruppen, wie etwa Schwangeren und Senioren, nicht immer gesichert. Ein schwerer Vitamin B6- Mangel \u00e4u\u00dfert sich beim Menschen haupts\u00e4chlich in Form von Hautausschl\u00e4gen und &#8211; entz\u00fcndungen.<\/p>\n","protected":false},"excerpt":{"rendered":"<p>Vitamin B6 Tabletten DL werden zur Behandlung eines Vitamin B6-Mangels eingesetzt. Die Vitamin B6-Bedarfsdeckung ist bei verschiedenen Risikogruppen, wie etwa Schwangeren und Senioren, nicht immer gesichert. Ein schwerer Vitamin B6- Mangel \u00e4u\u00dfert sich beim Menschen haupts\u00e4chlich in Form von Hautausschl\u00e4gen und &#8211; entz\u00fcndungen.<\/p>\n","protected":false},"featured_media":38679,"template":"","meta":{"_acf_changed":false},"product_brand":[],"product_cat":[300],"product_tag":[],"class_list":{"0":"post-38677","1":"product","2":"type-product","3":"status-publish","4":"has-post-thumbnail","6":"product_cat-v","7":"pa_packungsgroesse-20-stueck","9":"first","10":"instock","11":"shipping-taxable","12":"purchasable","13":"product-type-simple"},"acf":[],"_links":{"self":[{"href":"https:\/\/www.hirtenberg-apotheke.at\/katalog\/wp-json\/wp\/v2\/product\/38677","targetHints":{"allow":["GET"]}}],"collection":[{"href":"https:\/\/www.hirtenberg-apotheke.at\/katalog\/wp-json\/wp\/v2\/product"}],"about":[{"href":"https:\/\/www.hirtenberg-apotheke.at\/katalog\/wp-json\/wp\/v2\/types\/product"}],"wp:featuredmedia":[{"embeddable":true,"href":"https:\/\/www.hirtenberg-apotheke.at\/katalog\/wp-json\/wp\/v2\/media\/38679"}],"wp:attachment":[{"href":"https:\/\/www.hirtenberg-apotheke.at\/katalog\/wp-json\/wp\/v2\/media?parent=38677"}],"wp:term":[{"taxonomy":"product_brand","embeddable":true,"href":"https:\/\/www.hirtenberg-apotheke.at\/katalog\/wp-json\/wp\/v2\/product_brand?post=38677"},{"taxonomy":"product_cat","embeddable":true,"href":"https:\/\/www.hirtenberg-apotheke.at\/katalog\/wp-json\/wp\/v2\/product_cat?post=38677"},{"taxonomy":"product_tag","embeddable":true,"href":"https:\/\/www.hirtenberg-apotheke.at\/katalog\/wp-json\/wp\/v2\/product_tag?post=38677"}],"curies":[{"name":"wp","href":"https:\/\/api.w.org\/{rel}","templated":true}]}}