{"id":38714,"date":"2025-11-26T07:23:25","date_gmt":"2025-11-26T06:23:25","guid":{"rendered":"https:\/\/www.hirtenberg-apotheke.at\/katalog\/produkt\/life-light-enada-nadh-tabletten-7-80-stk\/"},"modified":"2025-11-26T07:30:48","modified_gmt":"2025-11-26T06:30:48","slug":"life-light-enada-nadh-tabletten-7-80-stk","status":"publish","type":"product","link":"https:\/\/www.hirtenberg-apotheke.at\/katalog\/produkt\/life-light-enada-nadh-tabletten-7-80-stk\/","title":{"rendered":"Life Light Enada NADH Tabletten 7 80 Stk."},"content":{"rendered":"<p>Enada NADH Tabletten sind das erste f\u00fcr den menschlichen K\u00f6rper zug\u00e4ngliche NADH Pr\u00e4parat. Das Produkt kann zu einem normalen Energiestoffwechsel beitragen: Muskulatur, Herz, Leber und insbesondere das Gehirn sind besonders stoffwechselaktiv.<\/p>\n","protected":false},"excerpt":{"rendered":"<p>Enada NADH Tabletten sind das erste f\u00fcr den menschlichen K\u00f6rper zug\u00e4ngliche NADH Pr\u00e4parat. Das Produkt kann zu einem normalen Energiestoffwechsel beitragen: Muskulatur, Herz, Leber und insbesondere das Gehirn sind besonders stoffwechselaktiv.<\/p>\n","protected":false},"featured_media":0,"template":"","meta":{"_acf_changed":false},"product_brand":[],"product_cat":[317],"product_tag":[],"class_list":{"0":"post-38714","1":"product","2":"type-product","3":"status-publish","5":"product_cat-l","6":"pa_packungsgroesse-30-stueck","7":"pa_packungsgroesse-80-stueck","9":"first","10":"instock","11":"shipping-taxable","12":"purchasable","13":"product-type-simple"},"acf":[],"_links":{"self":[{"href":"https:\/\/www.hirtenberg-apotheke.at\/katalog\/wp-json\/wp\/v2\/product\/38714","targetHints":{"allow":["GET"]}}],"collection":[{"href":"https:\/\/www.hirtenberg-apotheke.at\/katalog\/wp-json\/wp\/v2\/product"}],"about":[{"href":"https:\/\/www.hirtenberg-apotheke.at\/katalog\/wp-json\/wp\/v2\/types\/product"}],"wp:attachment":[{"href":"https:\/\/www.hirtenberg-apotheke.at\/katalog\/wp-json\/wp\/v2\/media?parent=38714"}],"wp:term":[{"taxonomy":"product_brand","embeddable":true,"href":"https:\/\/www.hirtenberg-apotheke.at\/katalog\/wp-json\/wp\/v2\/product_brand?post=38714"},{"taxonomy":"product_cat","embeddable":true,"href":"https:\/\/www.hirtenberg-apotheke.at\/katalog\/wp-json\/wp\/v2\/product_cat?post=38714"},{"taxonomy":"product_tag","embeddable":true,"href":"https:\/\/www.hirtenberg-apotheke.at\/katalog\/wp-json\/wp\/v2\/product_tag?post=38714"}],"curies":[{"name":"wp","href":"https:\/\/api.w.org\/{rel}","templated":true}]}}