{"id":38716,"date":"2025-11-26T07:23:25","date_gmt":"2025-11-26T06:23:25","guid":{"rendered":"https:\/\/www.hirtenberg-apotheke.at\/katalog\/produkt\/c-med-vitamin-c-zink-depotkapseln-60-stk\/"},"modified":"2025-11-26T07:24:12","modified_gmt":"2025-11-26T06:24:12","slug":"c-med-vitamin-c-zink-depotkapseln-60-stk","status":"publish","type":"product","link":"https:\/\/www.hirtenberg-apotheke.at\/katalog\/produkt\/c-med-vitamin-c-zink-depotkapseln-60-stk\/","title":{"rendered":"C-med Vitamin C + Zink Depotkapseln 60 Stk."},"content":{"rendered":"<p>C-med Vitamin C + Zink Depot Kapseln dienen zur Nahrungserg\u00e4nzung und st\u00e4rken das Immunsystem. Dar\u00fcber hinaus f\u00f6rdern die Kapseln Antrieb und Leistungskraft..<\/p>\n","protected":false},"excerpt":{"rendered":"<p>C-med Vitamin C + Zink Depot Kapseln dienen zur Nahrungserg\u00e4nzung und st\u00e4rken das Immunsystem. Dar\u00fcber hinaus f\u00f6rdern die Kapseln Antrieb und Leistungskraft..<\/p>\n","protected":false},"featured_media":0,"template":"","meta":{"_acf_changed":false},"product_brand":[],"product_cat":[337],"product_tag":[],"class_list":{"0":"post-38716","1":"product","2":"type-product","3":"status-publish","5":"product_cat-c","6":"pa_packungsgroesse-30-stueck","7":"pa_packungsgroesse-60-stueck","9":"first","10":"instock","11":"shipping-taxable","12":"purchasable","13":"product-type-simple"},"acf":[],"_links":{"self":[{"href":"https:\/\/www.hirtenberg-apotheke.at\/katalog\/wp-json\/wp\/v2\/product\/38716","targetHints":{"allow":["GET"]}}],"collection":[{"href":"https:\/\/www.hirtenberg-apotheke.at\/katalog\/wp-json\/wp\/v2\/product"}],"about":[{"href":"https:\/\/www.hirtenberg-apotheke.at\/katalog\/wp-json\/wp\/v2\/types\/product"}],"wp:attachment":[{"href":"https:\/\/www.hirtenberg-apotheke.at\/katalog\/wp-json\/wp\/v2\/media?parent=38716"}],"wp:term":[{"taxonomy":"product_brand","embeddable":true,"href":"https:\/\/www.hirtenberg-apotheke.at\/katalog\/wp-json\/wp\/v2\/product_brand?post=38716"},{"taxonomy":"product_cat","embeddable":true,"href":"https:\/\/www.hirtenberg-apotheke.at\/katalog\/wp-json\/wp\/v2\/product_cat?post=38716"},{"taxonomy":"product_tag","embeddable":true,"href":"https:\/\/www.hirtenberg-apotheke.at\/katalog\/wp-json\/wp\/v2\/product_tag?post=38716"}],"curies":[{"name":"wp","href":"https:\/\/api.w.org\/{rel}","templated":true}]}}