{"id":38747,"date":"2025-11-26T07:24:15","date_gmt":"2025-11-26T06:24:15","guid":{"rendered":"https:\/\/www.hirtenberg-apotheke.at\/katalog\/produkt\/pure-encapsulations-pantothensaeure-90-stk\/"},"modified":"2025-11-26T07:24:20","modified_gmt":"2025-11-26T06:24:20","slug":"pure-encapsulations-pantothensaeure-90-stk","status":"publish","type":"product","link":"https:\/\/www.hirtenberg-apotheke.at\/katalog\/produkt\/pure-encapsulations-pantothensaeure-90-stk\/","title":{"rendered":"Pure Encapsulations Pantothens\u00e4ure 90 Stk."},"content":{"rendered":"<p>Das aktivierende B-Vitamin: Die Pantothens\u00e4ure (Vitamin B5) ist eines der wasserl\u00f6slichen Vitamine der B-Gruppe. Sie ist ein wesentlicher Bestandteil bei vielen Stoffwechselprozessen und f\u00fcr die vollst\u00e4ndige Verwertung der Kohlenhydrate, Fette und Proteine mitverantwortlich. \u00c4u\u00dferlich bew\u00e4hrt sich Panthenol (Vorstufe der Pantothens\u00e4ure) in Salben und Cremen.<\/p>\n","protected":false},"excerpt":{"rendered":"<p>Das aktivierende B-Vitamin: Die Pantothens\u00e4ure (Vitamin B5) ist eines der wasserl\u00f6slichen Vitamine der B-Gruppe. Sie ist ein wesentlicher Bestandteil bei vielen Stoffwechselprozessen und f\u00fcr die vollst\u00e4ndige Verwertung der Kohlenhydrate, Fette und Proteine mitverantwortlich. \u00c4u\u00dferlich bew\u00e4hrt sich Panthenol (Vorstufe der Pantothens\u00e4ure) in Salben und Cremen.<\/p>\n","protected":false},"featured_media":38749,"template":"","meta":{"_acf_changed":false},"product_brand":[1033],"product_cat":[302],"product_tag":[],"class_list":{"0":"post-38747","1":"product","2":"type-product","3":"status-publish","4":"has-post-thumbnail","6":"product_brand-pure-encapsulations","7":"product_cat-p","8":"pa_packungsgroesse-90-stueck","10":"first","11":"instock","12":"shipping-taxable","13":"purchasable","14":"product-type-simple"},"acf":[],"_links":{"self":[{"href":"https:\/\/www.hirtenberg-apotheke.at\/katalog\/wp-json\/wp\/v2\/product\/38747","targetHints":{"allow":["GET"]}}],"collection":[{"href":"https:\/\/www.hirtenberg-apotheke.at\/katalog\/wp-json\/wp\/v2\/product"}],"about":[{"href":"https:\/\/www.hirtenberg-apotheke.at\/katalog\/wp-json\/wp\/v2\/types\/product"}],"wp:featuredmedia":[{"embeddable":true,"href":"https:\/\/www.hirtenberg-apotheke.at\/katalog\/wp-json\/wp\/v2\/media\/38749"}],"wp:attachment":[{"href":"https:\/\/www.hirtenberg-apotheke.at\/katalog\/wp-json\/wp\/v2\/media?parent=38747"}],"wp:term":[{"taxonomy":"product_brand","embeddable":true,"href":"https:\/\/www.hirtenberg-apotheke.at\/katalog\/wp-json\/wp\/v2\/product_brand?post=38747"},{"taxonomy":"product_cat","embeddable":true,"href":"https:\/\/www.hirtenberg-apotheke.at\/katalog\/wp-json\/wp\/v2\/product_cat?post=38747"},{"taxonomy":"product_tag","embeddable":true,"href":"https:\/\/www.hirtenberg-apotheke.at\/katalog\/wp-json\/wp\/v2\/product_tag?post=38747"}],"curies":[{"name":"wp","href":"https:\/\/api.w.org\/{rel}","templated":true}]}}